{"id":409,"date":"2026-01-13T13:26:04","date_gmt":"2026-01-13T11:26:04","guid":{"rendered":"https:\/\/stylewood.kating.eu\/?page_id=409"},"modified":"2026-01-15T17:47:58","modified_gmt":"2026-01-15T15:47:58","slug":"etusivu","status":"publish","type":"page","link":"https:\/\/stylewood.kating.eu\/fi\/","title":{"rendered":"Etusivu"},"content":{"rendered":"\n<div class=\"wp-block-columns is-layout-flex wp-container-core-columns-is-layout-9d6595d7 wp-block-columns-is-layout-flex\">\n<div class=\"wp-block-column is-layout-flow wp-block-column-is-layout-flow\" style=\"flex-basis:66.66%\">\n<div class=\"wp-block-columns is-layout-flex wp-container-core-columns-is-layout-9d6595d7 wp-block-columns-is-layout-flex\">\n<div class=\"wp-block-column is-layout-flow wp-block-column-is-layout-flow\">\n<h2 class=\"wp-block-heading has-text-align-center\"><a href=\"https:\/\/stylewood.kating.eu\/fi\/tuotteet\/tynnyrisaunat\/\"><a href=\"https:\/\/stylewood.ee\/fi\/tuottet\/tynnyrisaunat\">Tynnyrisaunat<\/a><\/a><\/h2>\n\n\n\n<figure class=\"wp-block-image aligncenter size-full\"><a href=\"https:\/\/stylewood.kating.eu\/fi\/tuotteet\/tynnyrisaunat\/\"><img loading=\"lazy\" decoding=\"async\" width=\"280\" height=\"185\" src=\"https:\/\/stylewood.kating.eu\/wp-content\/uploads\/2026\/01\/torusaunad-260113.jpg\" alt=\"Torusaunad\" class=\"wp-image-227\"\/><\/a><\/figure>\n<\/div>\n\n\n\n<div class=\"wp-block-column is-layout-flow wp-block-column-is-layout-flow\">\n<h2 class=\"wp-block-heading has-text-align-center\"><a href=\"https:\/\/stylewood.kating.eu\/fi\/tuotteet\/kylpytynnyri\/\"><a href=\"https:\/\/stylewood.ee\/fi\/tuottet\/kylpytynnyri\">Kylpytynnyrit<\/a><\/a><\/h2>\n\n\n\n<figure class=\"wp-block-image aligncenter size-full\"><a href=\"https:\/\/stylewood.kating.eu\/fi\/tuotteet\/kylpytynnyri\/\"><img loading=\"lazy\" decoding=\"async\" width=\"280\" height=\"185\" src=\"https:\/\/stylewood.kating.eu\/wp-content\/uploads\/2026\/01\/kumblustunnid-260113.jpg\" alt=\"K\u00fcmblust\u00fcnnid\" class=\"wp-image-232\"\/><\/a><\/figure>\n<\/div>\n<\/div>\n\n\n\n<div style=\"height:2em\" aria-hidden=\"true\" class=\"wp-block-spacer\"><\/div>\n\n\n\n<div class=\"wp-block-columns is-layout-flex wp-container-core-columns-is-layout-9d6595d7 wp-block-columns-is-layout-flex\">\n<div class=\"wp-block-column is-layout-flow wp-block-column-is-layout-flow\">\n<h2 class=\"wp-block-heading has-text-align-center\"><a href=\"https:\/\/stylewood.kating.eu\/fi\/tuotteet\/tynnyrimokit\/\">Tynnyrim\u00f6kit<\/a><\/h2>\n\n\n\n<figure class=\"wp-block-image aligncenter size-full\"><a href=\"https:\/\/stylewood.kating.eu\/fi\/tuotteet\/tynnyrimokit\/\"><img loading=\"lazy\" decoding=\"async\" width=\"280\" height=\"185\" src=\"https:\/\/stylewood.kating.eu\/wp-content\/uploads\/2026\/01\/kampingud-260113-01.jpg\" alt=\"K\u00e4mpingud\" class=\"wp-image-235\"\/><\/a><\/figure>\n<\/div>\n\n\n\n<div class=\"wp-block-column is-layout-flow wp-block-column-is-layout-flow\">\n<h2 class=\"wp-block-heading has-text-align-center\"><a href=\"https:\/\/stylewood.kating.eu\/fi\/tuotteet\/muut-tuotteet\/\">Muut tuotteet<\/a><\/h2>\n\n\n\n<figure class=\"wp-block-image aligncenter size-full\"><a href=\"https:\/\/stylewood.kating.eu\/fi\/tuotteet\/muut-tuotteet\/\"><img loading=\"lazy\" decoding=\"async\" width=\"280\" height=\"185\" src=\"https:\/\/stylewood.kating.eu\/wp-content\/uploads\/2026\/01\/lastemaja-260113.jpg\" alt=\"Lastemaja\" class=\"wp-image-244\"\/><\/a><\/figure>\n<\/div>\n<\/div>\n<\/div>\n\n\n\n<div class=\"wp-block-column is-layout-flow wp-block-column-is-layout-flow\" style=\"flex-basis:33.33%\">\n<p>Meill\u00e4 on vuosien k\u00e4yt\u00e4nn\u00f6n kokemus kylpytynnyreiden, tynnyrisaunojen ja hirsitalojen valmistuksesta. Haluamme tarjota asiakkaalle tyylikk\u00e4it\u00e4 ja k\u00e4yt\u00e4nn\u00f6llisi\u00e4 tuotteita!<\/p>\n\n\n\n<p>Tuotteemme valmistetaan kotimaisesta laadukkaasta kuusesta ja viimeistelyyn k\u00e4yt\u00e4mme laadukkaita saksalaisia Remmers puunk\u00e4sittely tuotteita, joka suojaa puun sinistymiselt\u00e4, homeelta, m\u00e4t\u00e4nemiselt\u00e4, hy\u00f6nteisilt\u00e4, UV-s\u00e4teilylt\u00e4, on hengitt\u00e4v\u00e4 ja kosteutta s\u00e4\u00e4telev\u00e4. T\u00e4ytt\u00e4\u00e4 teid\u00e4n vaatimukset vuosiksi.<\/p>\n<\/div>\n<\/div>\n","protected":false},"excerpt":{"rendered":"<p>Tynnyrisaunat Kylpytynnyrit Tynnyrim\u00f6kit Muut tuotteet Meill\u00e4 on vuosien k\u00e4yt\u00e4nn\u00f6n kokemus kylpytynnyreiden, tynnyrisaunojen ja hirsitalojen valmistuksesta. Haluamme tarjota asiakkaalle tyylikk\u00e4it\u00e4 ja k\u00e4yt\u00e4nn\u00f6llisi\u00e4 tuotteita! Tuotteemme valmistetaan kotimaisesta laadukkaasta kuusesta ja viimeistelyyn k\u00e4yt\u00e4mme laadukkaita saksalaisia Remmers puunk\u00e4sittely tuotteita, joka suojaa puun sinistymiselt\u00e4, homeelta, m\u00e4t\u00e4nemiselt\u00e4, hy\u00f6nteisilt\u00e4, UV-s\u00e4teilylt\u00e4, on hengitt\u00e4v\u00e4 ja kosteutta s\u00e4\u00e4telev\u00e4. T\u00e4ytt\u00e4\u00e4 teid\u00e4n vaatimukset vuosiksi.<\/p>\n","protected":false},"author":1,"featured_media":0,"parent":0,"menu_order":0,"comment_status":"closed","ping_status":"closed","template":"","meta":{"_et_pb_use_builder":"","_et_pb_old_content":"","_et_gb_content_width":"","footnotes":""},"class_list":["post-409","page","type-page","status-publish","hentry"],"yoast_head":"<!-- This site is optimized with the Yoast SEO plugin v27.3 - https:\/\/yoast.com\/product\/yoast-seo-wordpress\/ -->\n<title>Etusivu - Stylewood puidut\u00f6\u00f6d<\/title>\n<meta name=\"robots\" content=\"noindex, follow, max-snippet:-1, max-image-preview:large, max-video-preview:-1\" \/>\n<meta property=\"og:locale\" content=\"fi_FI\" \/>\n<meta property=\"og:type\" content=\"article\" \/>\n<meta property=\"og:title\" content=\"Etusivu - Stylewood puidut\u00f6\u00f6d\" \/>\n<meta property=\"og:description\" content=\"Tynnyrisaunat Kylpytynnyrit Tynnyrim\u00f6kit Muut tuotteet Meill\u00e4 on vuosien k\u00e4yt\u00e4nn\u00f6n kokemus kylpytynnyreiden, tynnyrisaunojen ja hirsitalojen valmistuksesta. Haluamme tarjota asiakkaalle tyylikk\u00e4it\u00e4 ja k\u00e4yt\u00e4nn\u00f6llisi\u00e4 tuotteita! Tuotteemme valmistetaan kotimaisesta laadukkaasta kuusesta ja viimeistelyyn k\u00e4yt\u00e4mme laadukkaita saksalaisia Remmers puunk\u00e4sittely tuotteita, joka suojaa puun sinistymiselt\u00e4, homeelta, m\u00e4t\u00e4nemiselt\u00e4, hy\u00f6nteisilt\u00e4, UV-s\u00e4teilylt\u00e4, on hengitt\u00e4v\u00e4 ja kosteutta s\u00e4\u00e4telev\u00e4. T\u00e4ytt\u00e4\u00e4 teid\u00e4n vaatimukset vuosiksi.\" \/>\n<meta property=\"og:url\" content=\"https:\/\/stylewood.kating.eu\/fi\/\" \/>\n<meta property=\"og:site_name\" content=\"Stylewood puidut\u00f6\u00f6d\" \/>\n<meta property=\"article:modified_time\" content=\"2026-01-15T15:47:58+00:00\" \/>\n<meta property=\"og:image\" content=\"https:\/\/stylewood.kating.eu\/wp-content\/uploads\/2026\/01\/torusaunad-260113.jpg\" \/>\n\t<meta property=\"og:image:width\" content=\"280\" \/>\n\t<meta property=\"og:image:height\" content=\"185\" \/>\n\t<meta property=\"og:image:type\" content=\"image\/jpeg\" \/>\n<meta name=\"twitter:card\" content=\"summary_large_image\" \/>\n<meta name=\"twitter:label1\" content=\"Arvioitu lukuaika\" \/>\n\t<meta name=\"twitter:data1\" content=\"2 minuuttia\" \/>\n<script type=\"application\/ld+json\" class=\"yoast-schema-graph\">{\"@context\":\"https:\\\/\\\/schema.org\",\"@graph\":[{\"@type\":\"WebPage\",\"@id\":\"https:\\\/\\\/stylewood.kating.eu\\\/fi\\\/\",\"url\":\"https:\\\/\\\/stylewood.kating.eu\\\/fi\\\/\",\"name\":\"Etusivu - Stylewood puidut\u00f6\u00f6d\",\"isPartOf\":{\"@id\":\"https:\\\/\\\/stylewood.kating.eu\\\/fi\\\/#website\"},\"primaryImageOfPage\":{\"@id\":\"https:\\\/\\\/stylewood.kating.eu\\\/fi\\\/#primaryimage\"},\"image\":{\"@id\":\"https:\\\/\\\/stylewood.kating.eu\\\/fi\\\/#primaryimage\"},\"thumbnailUrl\":\"https:\\\/\\\/stylewood.kating.eu\\\/wp-content\\\/uploads\\\/2026\\\/01\\\/torusaunad-260113.jpg\",\"datePublished\":\"2026-01-13T11:26:04+00:00\",\"dateModified\":\"2026-01-15T15:47:58+00:00\",\"breadcrumb\":{\"@id\":\"https:\\\/\\\/stylewood.kating.eu\\\/fi\\\/#breadcrumb\"},\"inLanguage\":\"fi\",\"potentialAction\":[{\"@type\":\"ReadAction\",\"target\":[\"https:\\\/\\\/stylewood.kating.eu\\\/fi\\\/\"]}]},{\"@type\":\"ImageObject\",\"inLanguage\":\"fi\",\"@id\":\"https:\\\/\\\/stylewood.kating.eu\\\/fi\\\/#primaryimage\",\"url\":\"https:\\\/\\\/stylewood.kating.eu\\\/wp-content\\\/uploads\\\/2026\\\/01\\\/torusaunad-260113.jpg\",\"contentUrl\":\"https:\\\/\\\/stylewood.kating.eu\\\/wp-content\\\/uploads\\\/2026\\\/01\\\/torusaunad-260113.jpg\"},{\"@type\":\"BreadcrumbList\",\"@id\":\"https:\\\/\\\/stylewood.kating.eu\\\/fi\\\/#breadcrumb\",\"itemListElement\":[{\"@type\":\"ListItem\",\"position\":1,\"name\":\"Home\",\"item\":\"https:\\\/\\\/stylewood.kating.eu\\\/fi\\\/\"},{\"@type\":\"ListItem\",\"position\":2,\"name\":\"Etusivu\"}]},{\"@type\":\"WebSite\",\"@id\":\"https:\\\/\\\/stylewood.kating.eu\\\/fi\\\/#website\",\"url\":\"https:\\\/\\\/stylewood.kating.eu\\\/fi\\\/\",\"name\":\"Stylewood puidut\u00f6\u00f6d\",\"description\":\"\",\"potentialAction\":[{\"@type\":\"SearchAction\",\"target\":{\"@type\":\"EntryPoint\",\"urlTemplate\":\"https:\\\/\\\/stylewood.kating.eu\\\/fi\\\/?s={search_term_string}\"},\"query-input\":{\"@type\":\"PropertyValueSpecification\",\"valueRequired\":true,\"valueName\":\"search_term_string\"}}],\"inLanguage\":\"fi\"}]}<\/script>\n<!-- \/ Yoast SEO plugin. -->","yoast_head_json":{"title":"Etusivu - Stylewood puidut\u00f6\u00f6d","robots":{"index":"noindex","follow":"follow","max-snippet":"max-snippet:-1","max-image-preview":"max-image-preview:large","max-video-preview":"max-video-preview:-1"},"og_locale":"fi_FI","og_type":"article","og_title":"Etusivu - Stylewood puidut\u00f6\u00f6d","og_description":"Tynnyrisaunat Kylpytynnyrit Tynnyrim\u00f6kit Muut tuotteet Meill\u00e4 on vuosien k\u00e4yt\u00e4nn\u00f6n kokemus kylpytynnyreiden, tynnyrisaunojen ja hirsitalojen valmistuksesta. Haluamme tarjota asiakkaalle tyylikk\u00e4it\u00e4 ja k\u00e4yt\u00e4nn\u00f6llisi\u00e4 tuotteita! Tuotteemme valmistetaan kotimaisesta laadukkaasta kuusesta ja viimeistelyyn k\u00e4yt\u00e4mme laadukkaita saksalaisia Remmers puunk\u00e4sittely tuotteita, joka suojaa puun sinistymiselt\u00e4, homeelta, m\u00e4t\u00e4nemiselt\u00e4, hy\u00f6nteisilt\u00e4, UV-s\u00e4teilylt\u00e4, on hengitt\u00e4v\u00e4 ja kosteutta s\u00e4\u00e4telev\u00e4. T\u00e4ytt\u00e4\u00e4 teid\u00e4n vaatimukset vuosiksi.","og_url":"https:\/\/stylewood.kating.eu\/fi\/","og_site_name":"Stylewood puidut\u00f6\u00f6d","article_modified_time":"2026-01-15T15:47:58+00:00","og_image":[{"width":280,"height":185,"url":"https:\/\/stylewood.kating.eu\/wp-content\/uploads\/2026\/01\/torusaunad-260113.jpg","type":"image\/jpeg"}],"twitter_card":"summary_large_image","twitter_misc":{"Arvioitu lukuaika":"2 minuuttia"},"schema":{"@context":"https:\/\/schema.org","@graph":[{"@type":"WebPage","@id":"https:\/\/stylewood.kating.eu\/fi\/","url":"https:\/\/stylewood.kating.eu\/fi\/","name":"Etusivu - Stylewood puidut\u00f6\u00f6d","isPartOf":{"@id":"https:\/\/stylewood.kating.eu\/fi\/#website"},"primaryImageOfPage":{"@id":"https:\/\/stylewood.kating.eu\/fi\/#primaryimage"},"image":{"@id":"https:\/\/stylewood.kating.eu\/fi\/#primaryimage"},"thumbnailUrl":"https:\/\/stylewood.kating.eu\/wp-content\/uploads\/2026\/01\/torusaunad-260113.jpg","datePublished":"2026-01-13T11:26:04+00:00","dateModified":"2026-01-15T15:47:58+00:00","breadcrumb":{"@id":"https:\/\/stylewood.kating.eu\/fi\/#breadcrumb"},"inLanguage":"fi","potentialAction":[{"@type":"ReadAction","target":["https:\/\/stylewood.kating.eu\/fi\/"]}]},{"@type":"ImageObject","inLanguage":"fi","@id":"https:\/\/stylewood.kating.eu\/fi\/#primaryimage","url":"https:\/\/stylewood.kating.eu\/wp-content\/uploads\/2026\/01\/torusaunad-260113.jpg","contentUrl":"https:\/\/stylewood.kating.eu\/wp-content\/uploads\/2026\/01\/torusaunad-260113.jpg"},{"@type":"BreadcrumbList","@id":"https:\/\/stylewood.kating.eu\/fi\/#breadcrumb","itemListElement":[{"@type":"ListItem","position":1,"name":"Home","item":"https:\/\/stylewood.kating.eu\/fi\/"},{"@type":"ListItem","position":2,"name":"Etusivu"}]},{"@type":"WebSite","@id":"https:\/\/stylewood.kating.eu\/fi\/#website","url":"https:\/\/stylewood.kating.eu\/fi\/","name":"Stylewood puidut\u00f6\u00f6d","description":"","potentialAction":[{"@type":"SearchAction","target":{"@type":"EntryPoint","urlTemplate":"https:\/\/stylewood.kating.eu\/fi\/?s={search_term_string}"},"query-input":{"@type":"PropertyValueSpecification","valueRequired":true,"valueName":"search_term_string"}}],"inLanguage":"fi"}]}},"_links":{"self":[{"href":"https:\/\/stylewood.kating.eu\/fi\/wp-json\/wp\/v2\/pages\/409","targetHints":{"allow":["GET"]}}],"collection":[{"href":"https:\/\/stylewood.kating.eu\/fi\/wp-json\/wp\/v2\/pages"}],"about":[{"href":"https:\/\/stylewood.kating.eu\/fi\/wp-json\/wp\/v2\/types\/page"}],"author":[{"embeddable":true,"href":"https:\/\/stylewood.kating.eu\/fi\/wp-json\/wp\/v2\/users\/1"}],"replies":[{"embeddable":true,"href":"https:\/\/stylewood.kating.eu\/fi\/wp-json\/wp\/v2\/comments?post=409"}],"version-history":[{"count":2,"href":"https:\/\/stylewood.kating.eu\/fi\/wp-json\/wp\/v2\/pages\/409\/revisions"}],"predecessor-version":[{"id":411,"href":"https:\/\/stylewood.kating.eu\/fi\/wp-json\/wp\/v2\/pages\/409\/revisions\/411"}],"wp:attachment":[{"href":"https:\/\/stylewood.kating.eu\/fi\/wp-json\/wp\/v2\/media?parent=409"}],"curies":[{"name":"wp","href":"https:\/\/api.w.org\/{rel}","templated":true}]}}