{"id":377,"date":"2026-01-11T11:17:50","date_gmt":"2026-01-11T09:17:50","guid":{"rendered":"https:\/\/stylewood.kating.eu\/?page_id=377"},"modified":"2026-01-15T17:34:17","modified_gmt":"2026-01-15T15:34:17","slug":"tynnyrisaunat","status":"publish","type":"page","link":"https:\/\/stylewood.kating.eu\/fi\/tuotteet\/tynnyrisaunat\/","title":{"rendered":"Tynnytisaunat"},"content":{"rendered":"\n<div class=\"wp-block-columns is-layout-flex wp-container-core-columns-is-layout-9d6595d7 wp-block-columns-is-layout-flex\">\n<div class=\"wp-block-column is-layout-flow wp-block-column-is-layout-flow\" style=\"flex-basis:66.66%\">\n<p>Tynnyrisauna on omaper\u00e4inen ja nykyaikainen ratkaisu saunasta nauttimiseen. Sauna on valmistettu korkealaatuisesta kotimaisesta kuusesta paksuudelta 45mm. Viimeistelyyn k\u00e4yt\u00e4mme saksalaisia Remmers tuotteita, jotka tuovat esiin selke\u00e4\u00e4n v\u00e4ris\u00e4vyyn puunkuviot. Valmistamme perinteisi\u00e4 py\u00f6reit\u00e4 saunoja.<\/p>\n\n\n\n<p><strong>Uutuutena<\/strong> tarjoamme uutta ergonomisen muodon ratkaisua, joka antaa mahdollisuuden hy\u00f6ty sisustaa koko sis\u00e4tilan ja antaa tuotteelle ainutlaatuisen ilmeen. Omaper\u00e4isyytt\u00e4 ja tyyli\u00e4 antavat my\u00f6s kaarilla kehystetyt ikkunat ja ovi.<\/p>\n\n\n\n<p>Valikoimassa on seuraavat saunat:<\/p>\n\n\n\n<ul class=\"wp-block-list\">\n<li>2,4 m pitk\u00e4 sauna 1huone (l\u00f6ylyhuone)<\/li>\n\n\n\n<li>3,9 m pitk\u00e4 sauna 2 huoneella (l\u00f6yly-pesuhuone ja pukuhuone)<\/li>\n\n\n\n<li>4,8 m pitk\u00e4 sauna 2 huoneella (l\u00f6yly-pesuhuone ja pukuhuone, kuisti)<\/li>\n\n\n\n<li>4,8 m pitk\u00e4 sauna 3 huoneella (l\u00f6ylyhuone, pesuhuone ja pukuhuone)<\/li>\n<\/ul>\n\n\n\n<div style=\"height:30px\" aria-hidden=\"true\" class=\"wp-block-spacer\"><\/div>\n\n\n\n<figure class=\"wp-block-gallery has-nested-images columns-2 is-cropped wp-block-gallery-1 is-layout-flex wp-block-gallery-is-layout-flex\">\n<figure class=\"wp-block-image size-full\"><a href=\"https:\/\/stylewood.kating.eu\/wp-content\/uploads\/2026\/01\/stylewood-torusaun-260111-01.jpg\" data-rel=\"lightbox-gallery-NuRgedum\" data-rl_title=\"\" data-rl_caption=\"\" title=\"\"><img loading=\"lazy\" decoding=\"async\" width=\"800\" height=\"600\" data-id=\"100\" src=\"https:\/\/stylewood.kating.eu\/wp-content\/uploads\/2026\/01\/stylewood-torusaun-260111-01.jpg\" alt=\"Torusaun\" class=\"wp-image-100\" srcset=\"https:\/\/stylewood.kating.eu\/wp-content\/uploads\/2026\/01\/stylewood-torusaun-260111-01.jpg 800w, https:\/\/stylewood.kating.eu\/wp-content\/uploads\/2026\/01\/stylewood-torusaun-260111-01-480x360.jpg 480w\" sizes=\"(min-width: 0px) and (max-width: 480px) 480px, (min-width: 481px) 800px, 100vw\" \/><\/a><\/figure>\n\n\n\n<figure class=\"wp-block-image size-full\"><a href=\"https:\/\/stylewood.kating.eu\/wp-content\/uploads\/2026\/01\/stylewood-torusaun-260111-02.jpg\" data-rel=\"lightbox-gallery-NuRgedum\" data-rl_title=\"\" data-rl_caption=\"\" title=\"\"><img loading=\"lazy\" decoding=\"async\" width=\"800\" height=\"600\" data-id=\"111\" src=\"https:\/\/stylewood.kating.eu\/wp-content\/uploads\/2026\/01\/stylewood-torusaun-260111-02.jpg\" alt=\"Torusaun\" class=\"wp-image-111\" srcset=\"https:\/\/stylewood.kating.eu\/wp-content\/uploads\/2026\/01\/stylewood-torusaun-260111-02.jpg 800w, https:\/\/stylewood.kating.eu\/wp-content\/uploads\/2026\/01\/stylewood-torusaun-260111-02-480x360.jpg 480w\" sizes=\"(min-width: 0px) and (max-width: 480px) 480px, (min-width: 481px) 800px, 100vw\" \/><\/a><\/figure>\n\n\n\n<figure class=\"wp-block-image size-full\"><a href=\"https:\/\/stylewood.kating.eu\/wp-content\/uploads\/2026\/01\/stylewood-torusaun-260111-03.jpg\" data-rel=\"lightbox-gallery-NuRgedum\" data-rl_title=\"\" data-rl_caption=\"\" title=\"\"><img loading=\"lazy\" decoding=\"async\" width=\"508\" height=\"600\" data-id=\"110\" src=\"https:\/\/stylewood.kating.eu\/wp-content\/uploads\/2026\/01\/stylewood-torusaun-260111-03.jpg\" alt=\"Torusaun\" class=\"wp-image-110\" srcset=\"https:\/\/stylewood.kating.eu\/wp-content\/uploads\/2026\/01\/stylewood-torusaun-260111-03.jpg 508w, https:\/\/stylewood.kating.eu\/wp-content\/uploads\/2026\/01\/stylewood-torusaun-260111-03-480x567.jpg 480w\" sizes=\"(min-width: 0px) and (max-width: 480px) 480px, (min-width: 481px) 508px, 100vw\" \/><\/a><\/figure>\n\n\n\n<figure class=\"wp-block-image size-full\"><a href=\"https:\/\/stylewood.kating.eu\/wp-content\/uploads\/2026\/01\/stylewood-torusaun-260111-04.jpg\" data-rel=\"lightbox-gallery-NuRgedum\" data-rl_title=\"\" data-rl_caption=\"\" title=\"\"><img loading=\"lazy\" decoding=\"async\" width=\"450\" height=\"600\" data-id=\"108\" src=\"https:\/\/stylewood.kating.eu\/wp-content\/uploads\/2026\/01\/stylewood-torusaun-260111-04.jpg\" alt=\"Torusaun\" class=\"wp-image-108\" srcset=\"https:\/\/stylewood.kating.eu\/wp-content\/uploads\/2026\/01\/stylewood-torusaun-260111-04.jpg 450w, https:\/\/stylewood.kating.eu\/wp-content\/uploads\/2026\/01\/stylewood-torusaun-260111-04-225x300.jpg 225w\" sizes=\"(max-width: 450px) 100vw, 450px\" \/><\/a><\/figure>\n\n\n\n<figure class=\"wp-block-image size-full\"><a href=\"https:\/\/stylewood.kating.eu\/wp-content\/uploads\/2026\/01\/stylewood-torusaun-260111-05.jpg\" data-rel=\"lightbox-gallery-NuRgedum\" data-rl_title=\"\" data-rl_caption=\"\" title=\"\"><img loading=\"lazy\" decoding=\"async\" width=\"800\" height=\"600\" data-id=\"107\" src=\"https:\/\/stylewood.kating.eu\/wp-content\/uploads\/2026\/01\/stylewood-torusaun-260111-05.jpg\" alt=\"Torusaun\" class=\"wp-image-107\" srcset=\"https:\/\/stylewood.kating.eu\/wp-content\/uploads\/2026\/01\/stylewood-torusaun-260111-05.jpg 800w, https:\/\/stylewood.kating.eu\/wp-content\/uploads\/2026\/01\/stylewood-torusaun-260111-05-480x360.jpg 480w\" sizes=\"(min-width: 0px) and (max-width: 480px) 480px, (min-width: 481px) 800px, 100vw\" \/><\/a><\/figure>\n\n\n\n<figure class=\"wp-block-image size-full\"><a href=\"https:\/\/stylewood.kating.eu\/wp-content\/uploads\/2026\/01\/stylewood-torusaun-260111-06.jpg\" data-rel=\"lightbox-gallery-NuRgedum\" data-rl_title=\"\" data-rl_caption=\"\" title=\"\"><img loading=\"lazy\" decoding=\"async\" width=\"450\" height=\"600\" data-id=\"106\" src=\"https:\/\/stylewood.kating.eu\/wp-content\/uploads\/2026\/01\/stylewood-torusaun-260111-06.jpg\" alt=\"Torusaun\" class=\"wp-image-106\" srcset=\"https:\/\/stylewood.kating.eu\/wp-content\/uploads\/2026\/01\/stylewood-torusaun-260111-06.jpg 450w, https:\/\/stylewood.kating.eu\/wp-content\/uploads\/2026\/01\/stylewood-torusaun-260111-06-225x300.jpg 225w\" sizes=\"(max-width: 450px) 100vw, 450px\" \/><\/a><\/figure>\n\n\n\n<figure class=\"wp-block-image size-full\"><a href=\"https:\/\/stylewood.kating.eu\/wp-content\/uploads\/2026\/01\/stylewood-torusaun-260111-07.jpg\" data-rel=\"lightbox-gallery-NuRgedum\" data-rl_title=\"\" data-rl_caption=\"\" title=\"\"><img loading=\"lazy\" decoding=\"async\" width=\"849\" height=\"600\" data-id=\"105\" src=\"https:\/\/stylewood.kating.eu\/wp-content\/uploads\/2026\/01\/stylewood-torusaun-260111-07.jpg\" alt=\"Torusaun\" class=\"wp-image-105\" srcset=\"https:\/\/stylewood.kating.eu\/wp-content\/uploads\/2026\/01\/stylewood-torusaun-260111-07.jpg 849w, https:\/\/stylewood.kating.eu\/wp-content\/uploads\/2026\/01\/stylewood-torusaun-260111-07-480x339.jpg 480w\" sizes=\"(min-width: 0px) and (max-width: 480px) 480px, (min-width: 481px) 849px, 100vw\" \/><\/a><\/figure>\n\n\n\n<figure class=\"wp-block-image size-full\"><a href=\"https:\/\/stylewood.kating.eu\/wp-content\/uploads\/2026\/01\/stylewood-torusaun-260111-08.jpg\" data-rel=\"lightbox-gallery-NuRgedum\" data-rl_title=\"\" data-rl_caption=\"\" title=\"\"><img loading=\"lazy\" decoding=\"async\" width=\"849\" height=\"600\" data-id=\"104\" src=\"https:\/\/stylewood.kating.eu\/wp-content\/uploads\/2026\/01\/stylewood-torusaun-260111-08.jpg\" alt=\"Torusaun\" class=\"wp-image-104\" srcset=\"https:\/\/stylewood.kating.eu\/wp-content\/uploads\/2026\/01\/stylewood-torusaun-260111-08.jpg 849w, https:\/\/stylewood.kating.eu\/wp-content\/uploads\/2026\/01\/stylewood-torusaun-260111-08-480x339.jpg 480w\" sizes=\"(min-width: 0px) and (max-width: 480px) 480px, (min-width: 481px) 849px, 100vw\" \/><\/a><\/figure>\n\n\n\n<figure class=\"wp-block-image size-full\"><a href=\"https:\/\/stylewood.kating.eu\/wp-content\/uploads\/2026\/01\/stylewood-torusaun-260111-09.jpg\" data-rel=\"lightbox-gallery-NuRgedum\" data-rl_title=\"\" data-rl_caption=\"\" title=\"\"><img loading=\"lazy\" decoding=\"async\" width=\"849\" height=\"600\" data-id=\"103\" src=\"https:\/\/stylewood.kating.eu\/wp-content\/uploads\/2026\/01\/stylewood-torusaun-260111-09.jpg\" alt=\"Torusaun\" class=\"wp-image-103\" srcset=\"https:\/\/stylewood.kating.eu\/wp-content\/uploads\/2026\/01\/stylewood-torusaun-260111-09.jpg 849w, https:\/\/stylewood.kating.eu\/wp-content\/uploads\/2026\/01\/stylewood-torusaun-260111-09-480x339.jpg 480w\" sizes=\"(min-width: 0px) and (max-width: 480px) 480px, (min-width: 481px) 849px, 100vw\" \/><\/a><\/figure>\n\n\n\n<figure class=\"wp-block-image size-full\"><a href=\"https:\/\/stylewood.kating.eu\/wp-content\/uploads\/2026\/01\/stylewood-torusaun-260111-10.jpg\" data-rel=\"lightbox-gallery-NuRgedum\" data-rl_title=\"\" data-rl_caption=\"\" title=\"\"><img loading=\"lazy\" decoding=\"async\" width=\"849\" height=\"600\" data-id=\"102\" src=\"https:\/\/stylewood.kating.eu\/wp-content\/uploads\/2026\/01\/stylewood-torusaun-260111-10.jpg\" alt=\"Torusaun\" class=\"wp-image-102\" srcset=\"https:\/\/stylewood.kating.eu\/wp-content\/uploads\/2026\/01\/stylewood-torusaun-260111-10.jpg 849w, https:\/\/stylewood.kating.eu\/wp-content\/uploads\/2026\/01\/stylewood-torusaun-260111-10-480x339.jpg 480w\" sizes=\"(min-width: 0px) and (max-width: 480px) 480px, (min-width: 481px) 849px, 100vw\" \/><\/a><\/figure>\n\n\n\n<figure class=\"wp-block-image size-full\"><a href=\"https:\/\/stylewood.kating.eu\/wp-content\/uploads\/2026\/01\/stylewood-torusaun-260111-11.jpg\" data-rel=\"lightbox-gallery-NuRgedum\" data-rl_title=\"\" data-rl_caption=\"\" title=\"\"><img loading=\"lazy\" decoding=\"async\" width=\"849\" height=\"600\" data-id=\"101\" src=\"https:\/\/stylewood.kating.eu\/wp-content\/uploads\/2026\/01\/stylewood-torusaun-260111-11.jpg\" alt=\"Torusaun\" class=\"wp-image-101\" srcset=\"https:\/\/stylewood.kating.eu\/wp-content\/uploads\/2026\/01\/stylewood-torusaun-260111-11.jpg 849w, https:\/\/stylewood.kating.eu\/wp-content\/uploads\/2026\/01\/stylewood-torusaun-260111-11-480x339.jpg 480w\" sizes=\"(min-width: 0px) and (max-width: 480px) 480px, (min-width: 481px) 849px, 100vw\" \/><\/a><\/figure>\n<\/figure>\n<\/div>\n\n\n\n<div class=\"wp-block-column is-layout-flow wp-block-column-is-layout-flow\" style=\"flex-basis:33.33%\">\n<h2 class=\"wp-block-heading has-white-color has-pruun-background-color has-text-color has-background has-link-color wp-elements-9977ac347087bd160edb6ae364645210\">Tekniset tiedot<\/h2>\n\n\n\n<p><strong>Materiaali:<\/strong> kuusi<br><strong>Sis\u00e4korkeus:<\/strong> 2,1m<br><strong>Korkeus maasta:<\/strong> 2,3m<br><strong>Sivusein\u00e4n paksuus:<\/strong> 45mm<br><strong>P\u00e4\u00e4tysein\u00e4n paksuus:<\/strong> 28mm<br><strong>Ulkoviimeistely:<\/strong> Remmers<br><strong>Sis\u00e4tilat:<\/strong> sein\u00e4t saunalakka, lava saunavaha<br><strong>Sis\u00e4ovet:<\/strong> karkaistu pronssi lasiovi<br><strong>Ulko-ovi:<\/strong> kaarevakehyksinen puuovi<br><strong>Ikkunat:<\/strong> aukeavia ja kiinteit\u00e4 kaarikehyksisi\u00e4<br><strong>Vanteet:<\/strong> ruostumaton ter\u00e4s<br><strong>Kattomateriaali:<\/strong> Icopal punainen tai musta bitumi<br><strong>Lava:<\/strong> Tervalepp\u00e4<br><strong>Uuni:<\/strong> Harvia M3<br><strong>Savupiippu:<\/strong> l\u00e4mp\u00f6eristetty Harvia moduulisavupiippu 1,5 m<br><strong>Vesis\u00e4ili\u00f6:<\/strong> kiukaanp\u00e4\u00e4ll\u00e4 27l tai 38l<br><strong>S\u00e4hk\u00f6:<\/strong> sis\u00e4valaistus jokaisessa huoneessa + pistorasia oleskelutilassa + vikavirtasuoja<br><strong>Muu:<\/strong> naulakko, k\u00e4sinoja, lattiakaivo<\/p>\n<\/div>\n<\/div>\n","protected":false},"excerpt":{"rendered":"<p>Tynnyrisauna on omaper\u00e4inen ja nykyaikainen ratkaisu saunasta nauttimiseen. Sauna on valmistettu korkealaatuisesta kotimaisesta kuusesta paksuudelta 45mm. Viimeistelyyn k\u00e4yt\u00e4mme saksalaisia Remmers tuotteita, jotka tuovat esiin selke\u00e4\u00e4n v\u00e4ris\u00e4vyyn puunkuviot. Valmistamme perinteisi\u00e4 py\u00f6reit\u00e4 saunoja. Uutuutena tarjoamme uutta ergonomisen muodon ratkaisua, joka antaa mahdollisuuden hy\u00f6ty sisustaa koko sis\u00e4tilan ja antaa tuotteelle ainutlaatuisen ilmeen. Omaper\u00e4isyytt\u00e4 ja tyyli\u00e4 antavat my\u00f6s kaarilla [&hellip;]<\/p>\n","protected":false},"author":1,"featured_media":0,"parent":338,"menu_order":0,"comment_status":"closed","ping_status":"closed","template":"","meta":{"_et_pb_use_builder":"","_et_pb_old_content":"","_et_gb_content_width":"","footnotes":""},"class_list":["post-377","page","type-page","status-publish","hentry"],"yoast_head":"<!-- This site is optimized with the Yoast SEO plugin v27.3 - https:\/\/yoast.com\/product\/yoast-seo-wordpress\/ -->\n<title>Tynnytisaunat - Stylewood puidut\u00f6\u00f6d<\/title>\n<meta name=\"robots\" content=\"noindex, follow, max-snippet:-1, max-image-preview:large, max-video-preview:-1\" \/>\n<meta property=\"og:locale\" content=\"fi_FI\" \/>\n<meta property=\"og:type\" content=\"article\" \/>\n<meta property=\"og:title\" content=\"Tynnytisaunat - Stylewood puidut\u00f6\u00f6d\" \/>\n<meta property=\"og:description\" content=\"Tynnyrisauna on omaper\u00e4inen ja nykyaikainen ratkaisu saunasta nauttimiseen. Sauna on valmistettu korkealaatuisesta kotimaisesta kuusesta paksuudelta 45mm. Viimeistelyyn k\u00e4yt\u00e4mme saksalaisia Remmers tuotteita, jotka tuovat esiin selke\u00e4\u00e4n v\u00e4ris\u00e4vyyn puunkuviot. Valmistamme perinteisi\u00e4 py\u00f6reit\u00e4 saunoja. Uutuutena tarjoamme uutta ergonomisen muodon ratkaisua, joka antaa mahdollisuuden hy\u00f6ty sisustaa koko sis\u00e4tilan ja antaa tuotteelle ainutlaatuisen ilmeen. Omaper\u00e4isyytt\u00e4 ja tyyli\u00e4 antavat my\u00f6s kaarilla [&hellip;]\" \/>\n<meta property=\"og:url\" content=\"https:\/\/stylewood.kating.eu\/fi\/tuotteet\/tynnyrisaunat\/\" \/>\n<meta property=\"og:site_name\" content=\"Stylewood puidut\u00f6\u00f6d\" \/>\n<meta property=\"article:modified_time\" content=\"2026-01-15T15:34:17+00:00\" \/>\n<meta property=\"og:image\" content=\"https:\/\/stylewood.kating.eu\/wp-content\/uploads\/2026\/01\/stylewood-torusaun-260111-01.jpg\" \/>\n\t<meta property=\"og:image:width\" content=\"800\" \/>\n\t<meta property=\"og:image:height\" content=\"600\" \/>\n\t<meta property=\"og:image:type\" content=\"image\/jpeg\" \/>\n<meta name=\"twitter:card\" content=\"summary_large_image\" \/>\n<meta name=\"twitter:label1\" content=\"Arvioitu lukuaika\" \/>\n\t<meta name=\"twitter:data1\" content=\"4 minuuttia\" \/>\n<script type=\"application\/ld+json\" class=\"yoast-schema-graph\">{\"@context\":\"https:\\\/\\\/schema.org\",\"@graph\":[{\"@type\":\"WebPage\",\"@id\":\"https:\\\/\\\/stylewood.kating.eu\\\/fi\\\/tuotteet\\\/tynnyrisaunat\\\/\",\"url\":\"https:\\\/\\\/stylewood.kating.eu\\\/fi\\\/tuotteet\\\/tynnyrisaunat\\\/\",\"name\":\"Tynnytisaunat - Stylewood puidut\u00f6\u00f6d\",\"isPartOf\":{\"@id\":\"https:\\\/\\\/stylewood.kating.eu\\\/fi\\\/#website\"},\"primaryImageOfPage\":{\"@id\":\"https:\\\/\\\/stylewood.kating.eu\\\/fi\\\/tuotteet\\\/tynnyrisaunat\\\/#primaryimage\"},\"image\":{\"@id\":\"https:\\\/\\\/stylewood.kating.eu\\\/fi\\\/tuotteet\\\/tynnyrisaunat\\\/#primaryimage\"},\"thumbnailUrl\":\"https:\\\/\\\/stylewood.kating.eu\\\/wp-content\\\/uploads\\\/2026\\\/01\\\/stylewood-torusaun-260111-01.jpg\",\"datePublished\":\"2026-01-11T09:17:50+00:00\",\"dateModified\":\"2026-01-15T15:34:17+00:00\",\"breadcrumb\":{\"@id\":\"https:\\\/\\\/stylewood.kating.eu\\\/fi\\\/tuotteet\\\/tynnyrisaunat\\\/#breadcrumb\"},\"inLanguage\":\"fi\",\"potentialAction\":[{\"@type\":\"ReadAction\",\"target\":[\"https:\\\/\\\/stylewood.kating.eu\\\/fi\\\/tuotteet\\\/tynnyrisaunat\\\/\"]}]},{\"@type\":\"ImageObject\",\"inLanguage\":\"fi\",\"@id\":\"https:\\\/\\\/stylewood.kating.eu\\\/fi\\\/tuotteet\\\/tynnyrisaunat\\\/#primaryimage\",\"url\":\"https:\\\/\\\/stylewood.kating.eu\\\/wp-content\\\/uploads\\\/2026\\\/01\\\/stylewood-torusaun-260111-01.jpg\",\"contentUrl\":\"https:\\\/\\\/stylewood.kating.eu\\\/wp-content\\\/uploads\\\/2026\\\/01\\\/stylewood-torusaun-260111-01.jpg\"},{\"@type\":\"BreadcrumbList\",\"@id\":\"https:\\\/\\\/stylewood.kating.eu\\\/fi\\\/tuotteet\\\/tynnyrisaunat\\\/#breadcrumb\",\"itemListElement\":[{\"@type\":\"ListItem\",\"position\":1,\"name\":\"Home\",\"item\":\"https:\\\/\\\/stylewood.kating.eu\\\/fi\\\/\"},{\"@type\":\"ListItem\",\"position\":2,\"name\":\"Tuotteet\",\"item\":\"https:\\\/\\\/stylewood.kating.eu\\\/fi\\\/tuotteet\\\/\"},{\"@type\":\"ListItem\",\"position\":3,\"name\":\"Tynnytisaunat\"}]},{\"@type\":\"WebSite\",\"@id\":\"https:\\\/\\\/stylewood.kating.eu\\\/fi\\\/#website\",\"url\":\"https:\\\/\\\/stylewood.kating.eu\\\/fi\\\/\",\"name\":\"Stylewood puidut\u00f6\u00f6d\",\"description\":\"\",\"potentialAction\":[{\"@type\":\"SearchAction\",\"target\":{\"@type\":\"EntryPoint\",\"urlTemplate\":\"https:\\\/\\\/stylewood.kating.eu\\\/fi\\\/?s={search_term_string}\"},\"query-input\":{\"@type\":\"PropertyValueSpecification\",\"valueRequired\":true,\"valueName\":\"search_term_string\"}}],\"inLanguage\":\"fi\"}]}<\/script>\n<!-- \/ Yoast SEO plugin. -->","yoast_head_json":{"title":"Tynnytisaunat - Stylewood puidut\u00f6\u00f6d","robots":{"index":"noindex","follow":"follow","max-snippet":"max-snippet:-1","max-image-preview":"max-image-preview:large","max-video-preview":"max-video-preview:-1"},"og_locale":"fi_FI","og_type":"article","og_title":"Tynnytisaunat - Stylewood puidut\u00f6\u00f6d","og_description":"Tynnyrisauna on omaper\u00e4inen ja nykyaikainen ratkaisu saunasta nauttimiseen. Sauna on valmistettu korkealaatuisesta kotimaisesta kuusesta paksuudelta 45mm. Viimeistelyyn k\u00e4yt\u00e4mme saksalaisia Remmers tuotteita, jotka tuovat esiin selke\u00e4\u00e4n v\u00e4ris\u00e4vyyn puunkuviot. Valmistamme perinteisi\u00e4 py\u00f6reit\u00e4 saunoja. Uutuutena tarjoamme uutta ergonomisen muodon ratkaisua, joka antaa mahdollisuuden hy\u00f6ty sisustaa koko sis\u00e4tilan ja antaa tuotteelle ainutlaatuisen ilmeen. Omaper\u00e4isyytt\u00e4 ja tyyli\u00e4 antavat my\u00f6s kaarilla [&hellip;]","og_url":"https:\/\/stylewood.kating.eu\/fi\/tuotteet\/tynnyrisaunat\/","og_site_name":"Stylewood puidut\u00f6\u00f6d","article_modified_time":"2026-01-15T15:34:17+00:00","og_image":[{"width":800,"height":600,"url":"https:\/\/stylewood.kating.eu\/wp-content\/uploads\/2026\/01\/stylewood-torusaun-260111-01.jpg","type":"image\/jpeg"}],"twitter_card":"summary_large_image","twitter_misc":{"Arvioitu lukuaika":"4 minuuttia"},"schema":{"@context":"https:\/\/schema.org","@graph":[{"@type":"WebPage","@id":"https:\/\/stylewood.kating.eu\/fi\/tuotteet\/tynnyrisaunat\/","url":"https:\/\/stylewood.kating.eu\/fi\/tuotteet\/tynnyrisaunat\/","name":"Tynnytisaunat - Stylewood puidut\u00f6\u00f6d","isPartOf":{"@id":"https:\/\/stylewood.kating.eu\/fi\/#website"},"primaryImageOfPage":{"@id":"https:\/\/stylewood.kating.eu\/fi\/tuotteet\/tynnyrisaunat\/#primaryimage"},"image":{"@id":"https:\/\/stylewood.kating.eu\/fi\/tuotteet\/tynnyrisaunat\/#primaryimage"},"thumbnailUrl":"https:\/\/stylewood.kating.eu\/wp-content\/uploads\/2026\/01\/stylewood-torusaun-260111-01.jpg","datePublished":"2026-01-11T09:17:50+00:00","dateModified":"2026-01-15T15:34:17+00:00","breadcrumb":{"@id":"https:\/\/stylewood.kating.eu\/fi\/tuotteet\/tynnyrisaunat\/#breadcrumb"},"inLanguage":"fi","potentialAction":[{"@type":"ReadAction","target":["https:\/\/stylewood.kating.eu\/fi\/tuotteet\/tynnyrisaunat\/"]}]},{"@type":"ImageObject","inLanguage":"fi","@id":"https:\/\/stylewood.kating.eu\/fi\/tuotteet\/tynnyrisaunat\/#primaryimage","url":"https:\/\/stylewood.kating.eu\/wp-content\/uploads\/2026\/01\/stylewood-torusaun-260111-01.jpg","contentUrl":"https:\/\/stylewood.kating.eu\/wp-content\/uploads\/2026\/01\/stylewood-torusaun-260111-01.jpg"},{"@type":"BreadcrumbList","@id":"https:\/\/stylewood.kating.eu\/fi\/tuotteet\/tynnyrisaunat\/#breadcrumb","itemListElement":[{"@type":"ListItem","position":1,"name":"Home","item":"https:\/\/stylewood.kating.eu\/fi\/"},{"@type":"ListItem","position":2,"name":"Tuotteet","item":"https:\/\/stylewood.kating.eu\/fi\/tuotteet\/"},{"@type":"ListItem","position":3,"name":"Tynnytisaunat"}]},{"@type":"WebSite","@id":"https:\/\/stylewood.kating.eu\/fi\/#website","url":"https:\/\/stylewood.kating.eu\/fi\/","name":"Stylewood puidut\u00f6\u00f6d","description":"","potentialAction":[{"@type":"SearchAction","target":{"@type":"EntryPoint","urlTemplate":"https:\/\/stylewood.kating.eu\/fi\/?s={search_term_string}"},"query-input":{"@type":"PropertyValueSpecification","valueRequired":true,"valueName":"search_term_string"}}],"inLanguage":"fi"}]}},"_links":{"self":[{"href":"https:\/\/stylewood.kating.eu\/fi\/wp-json\/wp\/v2\/pages\/377","targetHints":{"allow":["GET"]}}],"collection":[{"href":"https:\/\/stylewood.kating.eu\/fi\/wp-json\/wp\/v2\/pages"}],"about":[{"href":"https:\/\/stylewood.kating.eu\/fi\/wp-json\/wp\/v2\/types\/page"}],"author":[{"embeddable":true,"href":"https:\/\/stylewood.kating.eu\/fi\/wp-json\/wp\/v2\/users\/1"}],"replies":[{"embeddable":true,"href":"https:\/\/stylewood.kating.eu\/fi\/wp-json\/wp\/v2\/comments?post=377"}],"version-history":[{"count":1,"href":"https:\/\/stylewood.kating.eu\/fi\/wp-json\/wp\/v2\/pages\/377\/revisions"}],"predecessor-version":[{"id":378,"href":"https:\/\/stylewood.kating.eu\/fi\/wp-json\/wp\/v2\/pages\/377\/revisions\/378"}],"up":[{"embeddable":true,"href":"https:\/\/stylewood.kating.eu\/fi\/wp-json\/wp\/v2\/pages\/338"}],"wp:attachment":[{"href":"https:\/\/stylewood.kating.eu\/fi\/wp-json\/wp\/v2\/media?parent=377"}],"curies":[{"name":"wp","href":"https:\/\/api.w.org\/{rel}","templated":true}]}}