{"id":364,"date":"2026-01-11T11:18:57","date_gmt":"2026-01-11T09:18:57","guid":{"rendered":"https:\/\/stylewood.kating.eu\/?page_id=364"},"modified":"2026-01-15T17:30:25","modified_gmt":"2026-01-15T15:30:25","slug":"muut-tuotteet","status":"publish","type":"page","link":"https:\/\/stylewood.kating.eu\/fi\/tuotteet\/muut-tuotteet\/","title":{"rendered":"Muut tuotteet"},"content":{"rendered":"\n<p>Lisaks p\u00f5hitoodetele pakume:<\/p>\n\n\n\n<ul class=\"wp-block-list\">\n<li>lastem\u00e4ngumajasid &#8211; HIND alates 750 eurot<\/li>\n\n\n\n<li>koerakuute &#8211; HIND alates 300 eurot<\/li>\n\n\n\n<li>lehtlaid-grillmaju&nbsp;<\/li>\n\n\n\n<li>v\u00e4lik\u00e4imlaid &#8211; HIND 1200 eurot<\/li>\n<\/ul>\n\n\n\n<p>HINNAD SISALDAVAD K\u00c4IBEMAKSU 20%<\/p>\n","protected":false},"excerpt":{"rendered":"<p>Lisaks p\u00f5hitoodetele pakume: HINNAD SISALDAVAD K\u00c4IBEMAKSU 20%<\/p>\n","protected":false},"author":1,"featured_media":0,"parent":338,"menu_order":0,"comment_status":"closed","ping_status":"closed","template":"","meta":{"_et_pb_use_builder":"","_et_pb_old_content":"","_et_gb_content_width":"","footnotes":""},"class_list":["post-364","page","type-page","status-publish","hentry"],"yoast_head":"<!-- This site is optimized with the Yoast SEO plugin v27.3 - https:\/\/yoast.com\/product\/yoast-seo-wordpress\/ -->\n<title>Muut tuotteet - Stylewood puidut\u00f6\u00f6d<\/title>\n<meta name=\"robots\" content=\"noindex, follow, max-snippet:-1, max-image-preview:large, max-video-preview:-1\" \/>\n<meta property=\"og:locale\" content=\"fi_FI\" \/>\n<meta property=\"og:type\" content=\"article\" \/>\n<meta property=\"og:title\" content=\"Muut tuotteet - Stylewood puidut\u00f6\u00f6d\" \/>\n<meta property=\"og:description\" content=\"Lisaks p\u00f5hitoodetele pakume: HINNAD SISALDAVAD K\u00c4IBEMAKSU 20%\" \/>\n<meta property=\"og:url\" content=\"https:\/\/stylewood.kating.eu\/fi\/tuotteet\/muut-tuotteet\/\" \/>\n<meta property=\"og:site_name\" content=\"Stylewood puidut\u00f6\u00f6d\" \/>\n<meta property=\"article:modified_time\" content=\"2026-01-15T15:30:25+00:00\" \/>\n<meta name=\"twitter:card\" content=\"summary_large_image\" \/>\n<meta name=\"twitter:label1\" content=\"Arvioitu lukuaika\" \/>\n\t<meta name=\"twitter:data1\" content=\"1 minuutti\" \/>\n<script type=\"application\/ld+json\" class=\"yoast-schema-graph\">{\"@context\":\"https:\\\/\\\/schema.org\",\"@graph\":[{\"@type\":\"WebPage\",\"@id\":\"https:\\\/\\\/stylewood.kating.eu\\\/fi\\\/tuotteet\\\/muut-tuotteet\\\/\",\"url\":\"https:\\\/\\\/stylewood.kating.eu\\\/fi\\\/tuotteet\\\/muut-tuotteet\\\/\",\"name\":\"Muut tuotteet - Stylewood puidut\u00f6\u00f6d\",\"isPartOf\":{\"@id\":\"https:\\\/\\\/stylewood.kating.eu\\\/fi\\\/#website\"},\"datePublished\":\"2026-01-11T09:18:57+00:00\",\"dateModified\":\"2026-01-15T15:30:25+00:00\",\"breadcrumb\":{\"@id\":\"https:\\\/\\\/stylewood.kating.eu\\\/fi\\\/tuotteet\\\/muut-tuotteet\\\/#breadcrumb\"},\"inLanguage\":\"fi\",\"potentialAction\":[{\"@type\":\"ReadAction\",\"target\":[\"https:\\\/\\\/stylewood.kating.eu\\\/fi\\\/tuotteet\\\/muut-tuotteet\\\/\"]}]},{\"@type\":\"BreadcrumbList\",\"@id\":\"https:\\\/\\\/stylewood.kating.eu\\\/fi\\\/tuotteet\\\/muut-tuotteet\\\/#breadcrumb\",\"itemListElement\":[{\"@type\":\"ListItem\",\"position\":1,\"name\":\"Home\",\"item\":\"https:\\\/\\\/stylewood.kating.eu\\\/fi\\\/\"},{\"@type\":\"ListItem\",\"position\":2,\"name\":\"Tuotteet\",\"item\":\"https:\\\/\\\/stylewood.kating.eu\\\/fi\\\/tuotteet\\\/\"},{\"@type\":\"ListItem\",\"position\":3,\"name\":\"Muut tuotteet\"}]},{\"@type\":\"WebSite\",\"@id\":\"https:\\\/\\\/stylewood.kating.eu\\\/fi\\\/#website\",\"url\":\"https:\\\/\\\/stylewood.kating.eu\\\/fi\\\/\",\"name\":\"Stylewood puidut\u00f6\u00f6d\",\"description\":\"\",\"potentialAction\":[{\"@type\":\"SearchAction\",\"target\":{\"@type\":\"EntryPoint\",\"urlTemplate\":\"https:\\\/\\\/stylewood.kating.eu\\\/fi\\\/?s={search_term_string}\"},\"query-input\":{\"@type\":\"PropertyValueSpecification\",\"valueRequired\":true,\"valueName\":\"search_term_string\"}}],\"inLanguage\":\"fi\"}]}<\/script>\n<!-- \/ Yoast SEO plugin. -->","yoast_head_json":{"title":"Muut tuotteet - Stylewood puidut\u00f6\u00f6d","robots":{"index":"noindex","follow":"follow","max-snippet":"max-snippet:-1","max-image-preview":"max-image-preview:large","max-video-preview":"max-video-preview:-1"},"og_locale":"fi_FI","og_type":"article","og_title":"Muut tuotteet - Stylewood puidut\u00f6\u00f6d","og_description":"Lisaks p\u00f5hitoodetele pakume: HINNAD SISALDAVAD K\u00c4IBEMAKSU 20%","og_url":"https:\/\/stylewood.kating.eu\/fi\/tuotteet\/muut-tuotteet\/","og_site_name":"Stylewood puidut\u00f6\u00f6d","article_modified_time":"2026-01-15T15:30:25+00:00","twitter_card":"summary_large_image","twitter_misc":{"Arvioitu lukuaika":"1 minuutti"},"schema":{"@context":"https:\/\/schema.org","@graph":[{"@type":"WebPage","@id":"https:\/\/stylewood.kating.eu\/fi\/tuotteet\/muut-tuotteet\/","url":"https:\/\/stylewood.kating.eu\/fi\/tuotteet\/muut-tuotteet\/","name":"Muut tuotteet - Stylewood puidut\u00f6\u00f6d","isPartOf":{"@id":"https:\/\/stylewood.kating.eu\/fi\/#website"},"datePublished":"2026-01-11T09:18:57+00:00","dateModified":"2026-01-15T15:30:25+00:00","breadcrumb":{"@id":"https:\/\/stylewood.kating.eu\/fi\/tuotteet\/muut-tuotteet\/#breadcrumb"},"inLanguage":"fi","potentialAction":[{"@type":"ReadAction","target":["https:\/\/stylewood.kating.eu\/fi\/tuotteet\/muut-tuotteet\/"]}]},{"@type":"BreadcrumbList","@id":"https:\/\/stylewood.kating.eu\/fi\/tuotteet\/muut-tuotteet\/#breadcrumb","itemListElement":[{"@type":"ListItem","position":1,"name":"Home","item":"https:\/\/stylewood.kating.eu\/fi\/"},{"@type":"ListItem","position":2,"name":"Tuotteet","item":"https:\/\/stylewood.kating.eu\/fi\/tuotteet\/"},{"@type":"ListItem","position":3,"name":"Muut tuotteet"}]},{"@type":"WebSite","@id":"https:\/\/stylewood.kating.eu\/fi\/#website","url":"https:\/\/stylewood.kating.eu\/fi\/","name":"Stylewood puidut\u00f6\u00f6d","description":"","potentialAction":[{"@type":"SearchAction","target":{"@type":"EntryPoint","urlTemplate":"https:\/\/stylewood.kating.eu\/fi\/?s={search_term_string}"},"query-input":{"@type":"PropertyValueSpecification","valueRequired":true,"valueName":"search_term_string"}}],"inLanguage":"fi"}]}},"_links":{"self":[{"href":"https:\/\/stylewood.kating.eu\/fi\/wp-json\/wp\/v2\/pages\/364","targetHints":{"allow":["GET"]}}],"collection":[{"href":"https:\/\/stylewood.kating.eu\/fi\/wp-json\/wp\/v2\/pages"}],"about":[{"href":"https:\/\/stylewood.kating.eu\/fi\/wp-json\/wp\/v2\/types\/page"}],"author":[{"embeddable":true,"href":"https:\/\/stylewood.kating.eu\/fi\/wp-json\/wp\/v2\/users\/1"}],"replies":[{"embeddable":true,"href":"https:\/\/stylewood.kating.eu\/fi\/wp-json\/wp\/v2\/comments?post=364"}],"version-history":[{"count":1,"href":"https:\/\/stylewood.kating.eu\/fi\/wp-json\/wp\/v2\/pages\/364\/revisions"}],"predecessor-version":[{"id":365,"href":"https:\/\/stylewood.kating.eu\/fi\/wp-json\/wp\/v2\/pages\/364\/revisions\/365"}],"up":[{"embeddable":true,"href":"https:\/\/stylewood.kating.eu\/fi\/wp-json\/wp\/v2\/pages\/338"}],"wp:attachment":[{"href":"https:\/\/stylewood.kating.eu\/fi\/wp-json\/wp\/v2\/media?parent=364"}],"curies":[{"name":"wp","href":"https:\/\/api.w.org\/{rel}","templated":true}]}}