{"id":362,"date":"2026-01-11T11:18:10","date_gmt":"2026-01-11T09:18:10","guid":{"rendered":"https:\/\/stylewood.kating.eu\/?page_id=362"},"modified":"2026-01-15T17:28:51","modified_gmt":"2026-01-15T15:28:51","slug":"kylpytynnyri","status":"publish","type":"page","link":"https:\/\/stylewood.kating.eu\/fi\/tuotteet\/kylpytynnyri\/","title":{"rendered":"Kylpytynnyri"},"content":{"rendered":"\n<div class=\"wp-block-columns is-layout-flex wp-container-core-columns-is-layout-9d6595d7 wp-block-columns-is-layout-flex\">\n<div class=\"wp-block-column is-layout-flow wp-block-column-is-layout-flow\" style=\"flex-basis:66.66%\">\n<blockquote class=\"wp-block-quote is-layout-flow wp-block-quote-is-layout-flow\">\n<p>Joka kokeile se uudelleen haluaa<\/p>\n<\/blockquote>\n\n\n\n<p><strong>Kylpytynnyrist\u00e4 voi nauttia vanha ja nuori, riippumatta vuodenajasta.<\/strong> Tynnyriin on asennettu penkit ja uunilta suojaa ritil\u00e4. Tynnyrin yl\u00e4osassa reunalaudat ja tynnyriin noustaan kaksi portaisilta portailta. Tynnyrin suojaksi tarjoamme pressun tai vanerikannen. Mahdollista tilata sis\u00e4-tai ulkopuolinen uuni.<\/p>\n\n\n\n<p>Valittavissa:<\/p>\n\n\n\n<ul class=\"wp-block-list\">\n<li>1600mm halkaisijaltaan \u2013 4 henkil\u00f6\u00e4<\/li>\n\n\n\n<li>1800mm halkaisijaltaan \u2013 5 henkil\u00f6\u00e4<\/li>\n\n\n\n<li>2000mm halkaisijaltaan \u2013 7 henkil\u00f6\u00e4<\/li>\n\n\n\n<li>Tilauksesta valmistamme my\u00f6s muita mittoja.<\/li>\n<\/ul>\n\n\n\n<div style=\"height:30px\" aria-hidden=\"true\" class=\"wp-block-spacer\"><\/div>\n\n\n\n<figure class=\"wp-block-gallery has-nested-images columns-2 is-cropped wp-block-gallery-1 is-layout-flex wp-block-gallery-is-layout-flex\">\n<figure class=\"wp-block-image size-full\"><a href=\"https:\/\/stylewood.kating.eu\/wp-content\/uploads\/2026\/01\/stylewood-kumblustunn-260111-01.jpg\" data-rel=\"lightbox-gallery-SltPSb6J\" data-rl_title=\"\" data-rl_caption=\"\" title=\"\"><img loading=\"lazy\" decoding=\"async\" width=\"906\" height=\"600\" data-id=\"120\" src=\"https:\/\/stylewood.kating.eu\/wp-content\/uploads\/2026\/01\/stylewood-kumblustunn-260111-01.jpg\" alt=\"K\u00fcmblust\u00fcnn\" class=\"wp-image-120\" srcset=\"https:\/\/stylewood.kating.eu\/wp-content\/uploads\/2026\/01\/stylewood-kumblustunn-260111-01.jpg 906w, https:\/\/stylewood.kating.eu\/wp-content\/uploads\/2026\/01\/stylewood-kumblustunn-260111-01-480x318.jpg 480w\" sizes=\"(min-width: 0px) and (max-width: 480px) 480px, (min-width: 481px) 906px, 100vw\" \/><\/a><\/figure>\n\n\n\n<figure class=\"wp-block-image size-full\"><a href=\"https:\/\/stylewood.kating.eu\/wp-content\/uploads\/2026\/01\/stylewood-kumblustunn-260111-03.jpg\" data-rel=\"lightbox-gallery-SltPSb6J\" data-rl_title=\"\" data-rl_caption=\"\" title=\"\"><img loading=\"lazy\" decoding=\"async\" width=\"800\" height=\"600\" data-id=\"127\" src=\"https:\/\/stylewood.kating.eu\/wp-content\/uploads\/2026\/01\/stylewood-kumblustunn-260111-03.jpg\" alt=\"K\u00fcmblust\u00fcnn\" class=\"wp-image-127\" srcset=\"https:\/\/stylewood.kating.eu\/wp-content\/uploads\/2026\/01\/stylewood-kumblustunn-260111-03.jpg 800w, https:\/\/stylewood.kating.eu\/wp-content\/uploads\/2026\/01\/stylewood-kumblustunn-260111-03-480x360.jpg 480w\" sizes=\"(min-width: 0px) and (max-width: 480px) 480px, (min-width: 481px) 800px, 100vw\" \/><\/a><\/figure>\n\n\n\n<figure class=\"wp-block-image size-full\"><a href=\"https:\/\/stylewood.kating.eu\/wp-content\/uploads\/2026\/01\/stylewood-kumblustunn-260111-04.jpg\" data-rel=\"lightbox-gallery-SltPSb6J\" data-rl_title=\"\" data-rl_caption=\"\" title=\"\"><img loading=\"lazy\" decoding=\"async\" width=\"476\" height=\"600\" data-id=\"126\" src=\"https:\/\/stylewood.kating.eu\/wp-content\/uploads\/2026\/01\/stylewood-kumblustunn-260111-04.jpg\" alt=\"K\u00fcmblust\u00fcnn\" class=\"wp-image-126\" srcset=\"https:\/\/stylewood.kating.eu\/wp-content\/uploads\/2026\/01\/stylewood-kumblustunn-260111-04.jpg 476w, https:\/\/stylewood.kating.eu\/wp-content\/uploads\/2026\/01\/stylewood-kumblustunn-260111-04-238x300.jpg 238w\" sizes=\"(max-width: 476px) 100vw, 476px\" \/><\/a><\/figure>\n\n\n\n<figure class=\"wp-block-image size-full\"><a href=\"https:\/\/stylewood.kating.eu\/wp-content\/uploads\/2026\/01\/stylewood-kumblustunn-260111-02.jpg\" data-rel=\"lightbox-gallery-SltPSb6J\" data-rl_title=\"\" data-rl_caption=\"\" title=\"\"><img loading=\"lazy\" decoding=\"async\" width=\"450\" height=\"600\" data-id=\"128\" src=\"https:\/\/stylewood.kating.eu\/wp-content\/uploads\/2026\/01\/stylewood-kumblustunn-260111-02.jpg\" alt=\"K\u00fcmblust\u00fcnn\" class=\"wp-image-128\" srcset=\"https:\/\/stylewood.kating.eu\/wp-content\/uploads\/2026\/01\/stylewood-kumblustunn-260111-02.jpg 450w, https:\/\/stylewood.kating.eu\/wp-content\/uploads\/2026\/01\/stylewood-kumblustunn-260111-02-225x300.jpg 225w\" sizes=\"(max-width: 450px) 100vw, 450px\" \/><\/a><\/figure>\n\n\n\n<figure class=\"wp-block-image size-full\"><a href=\"https:\/\/stylewood.kating.eu\/wp-content\/uploads\/2026\/01\/stylewood-kumblustunn-260111-05.jpg\" data-rel=\"lightbox-gallery-SltPSb6J\" data-rl_title=\"\" data-rl_caption=\"\" title=\"\"><img loading=\"lazy\" decoding=\"async\" width=\"906\" height=\"600\" data-id=\"125\" src=\"https:\/\/stylewood.kating.eu\/wp-content\/uploads\/2026\/01\/stylewood-kumblustunn-260111-05.jpg\" alt=\"K\u00fcmblust\u00fcnn\" class=\"wp-image-125\" srcset=\"https:\/\/stylewood.kating.eu\/wp-content\/uploads\/2026\/01\/stylewood-kumblustunn-260111-05.jpg 906w, https:\/\/stylewood.kating.eu\/wp-content\/uploads\/2026\/01\/stylewood-kumblustunn-260111-05-480x318.jpg 480w\" sizes=\"(min-width: 0px) and (max-width: 480px) 480px, (min-width: 481px) 906px, 100vw\" \/><\/a><\/figure>\n\n\n\n<figure class=\"wp-block-image size-full\"><a href=\"https:\/\/stylewood.kating.eu\/wp-content\/uploads\/2026\/01\/stylewood-kumblustunn-260111-06.jpg\" data-rel=\"lightbox-gallery-SltPSb6J\" data-rl_title=\"\" data-rl_caption=\"\" title=\"\"><img loading=\"lazy\" decoding=\"async\" width=\"906\" height=\"600\" data-id=\"124\" src=\"https:\/\/stylewood.kating.eu\/wp-content\/uploads\/2026\/01\/stylewood-kumblustunn-260111-06.jpg\" alt=\"K\u00fcmblust\u00fcnn\" class=\"wp-image-124\" srcset=\"https:\/\/stylewood.kating.eu\/wp-content\/uploads\/2026\/01\/stylewood-kumblustunn-260111-06.jpg 906w, https:\/\/stylewood.kating.eu\/wp-content\/uploads\/2026\/01\/stylewood-kumblustunn-260111-06-480x318.jpg 480w\" sizes=\"(min-width: 0px) and (max-width: 480px) 480px, (min-width: 481px) 906px, 100vw\" \/><\/a><\/figure>\n\n\n\n<figure class=\"wp-block-image size-full\"><a href=\"https:\/\/stylewood.kating.eu\/wp-content\/uploads\/2026\/01\/stylewood-kumblustunn-260111-07.jpg\" data-rel=\"lightbox-gallery-SltPSb6J\" data-rl_title=\"\" data-rl_caption=\"\" title=\"\"><img loading=\"lazy\" decoding=\"async\" width=\"800\" height=\"600\" data-id=\"123\" src=\"https:\/\/stylewood.kating.eu\/wp-content\/uploads\/2026\/01\/stylewood-kumblustunn-260111-07.jpg\" alt=\"K\u00fcmblust\u00fcnn\" class=\"wp-image-123\" srcset=\"https:\/\/stylewood.kating.eu\/wp-content\/uploads\/2026\/01\/stylewood-kumblustunn-260111-07.jpg 800w, https:\/\/stylewood.kating.eu\/wp-content\/uploads\/2026\/01\/stylewood-kumblustunn-260111-07-480x360.jpg 480w\" sizes=\"(min-width: 0px) and (max-width: 480px) 480px, (min-width: 481px) 800px, 100vw\" \/><\/a><\/figure>\n\n\n\n<figure class=\"wp-block-image size-full\"><a href=\"https:\/\/stylewood.kating.eu\/wp-content\/uploads\/2026\/01\/stylewood-kumblustunn-260111-08.jpg\" data-rel=\"lightbox-gallery-SltPSb6J\" data-rl_title=\"\" data-rl_caption=\"\" title=\"\"><img loading=\"lazy\" decoding=\"async\" width=\"800\" height=\"600\" data-id=\"122\" src=\"https:\/\/stylewood.kating.eu\/wp-content\/uploads\/2026\/01\/stylewood-kumblustunn-260111-08.jpg\" alt=\"K\u00fcmblust\u00fcnn\" class=\"wp-image-122\" srcset=\"https:\/\/stylewood.kating.eu\/wp-content\/uploads\/2026\/01\/stylewood-kumblustunn-260111-08.jpg 800w, https:\/\/stylewood.kating.eu\/wp-content\/uploads\/2026\/01\/stylewood-kumblustunn-260111-08-480x360.jpg 480w\" sizes=\"(min-width: 0px) and (max-width: 480px) 480px, (min-width: 481px) 800px, 100vw\" \/><\/a><\/figure>\n\n\n\n<figure class=\"wp-block-image size-full\"><a href=\"https:\/\/stylewood.kating.eu\/wp-content\/uploads\/2026\/01\/stylewood-kumblustunn-260111-09.jpg\" data-rel=\"lightbox-gallery-SltPSb6J\" data-rl_title=\"\" data-rl_caption=\"\" title=\"\"><img loading=\"lazy\" decoding=\"async\" width=\"800\" height=\"600\" data-id=\"121\" src=\"https:\/\/stylewood.kating.eu\/wp-content\/uploads\/2026\/01\/stylewood-kumblustunn-260111-09.jpg\" alt=\"K\u00fcmblust\u00fcnn\" class=\"wp-image-121\" srcset=\"https:\/\/stylewood.kating.eu\/wp-content\/uploads\/2026\/01\/stylewood-kumblustunn-260111-09.jpg 800w, https:\/\/stylewood.kating.eu\/wp-content\/uploads\/2026\/01\/stylewood-kumblustunn-260111-09-480x360.jpg 480w\" sizes=\"(min-width: 0px) and (max-width: 480px) 480px, (min-width: 481px) 800px, 100vw\" \/><\/a><\/figure>\n<\/figure>\n<\/div>\n\n\n\n<div class=\"wp-block-column is-layout-flow wp-block-column-is-layout-flow\" style=\"flex-basis:33.33%\">\n<h2 class=\"wp-block-heading has-white-color has-pruun-background-color has-text-color has-background has-link-color wp-elements-9977ac347087bd160edb6ae364645210\">Tekniset tiedot<\/h2>\n\n\n\n<p><strong>Materiaali:<\/strong> kuusi<br><strong>Sein\u00e4n paksuus:<\/strong> 45mm<br><strong>Korkeus maasta:<\/strong> 1050mm<br><strong>Kiinnitys:<\/strong> kaksi ruostumatonta vannetta<br>Merialumiini uuni kaksimetrisell\u00e4 savupiipulla + ritil\u00e4<br>Kaksiportainen portaikko<br>Tynnyrisuoja<br>Reunalaudat<br>Penkit<\/p>\n\n\n\n<p><strong><a href=\"\/wp-content\/uploads\/2026\/01\/kasutusjuhend-kumblustunnil-130128.pdf\" target=\"_blank\" rel=\"noreferrer noopener\">K\u00fcmblust\u00fcnni kasutusjuhend<\/a><\/strong><\/p>\n<\/div>\n<\/div>\n","protected":false},"excerpt":{"rendered":"<p>Joka kokeile se uudelleen haluaa Kylpytynnyrist\u00e4 voi nauttia vanha ja nuori, riippumatta vuodenajasta. Tynnyriin on asennettu penkit ja uunilta suojaa ritil\u00e4. Tynnyrin yl\u00e4osassa reunalaudat ja tynnyriin noustaan kaksi portaisilta portailta. Tynnyrin suojaksi tarjoamme pressun tai vanerikannen. Mahdollista tilata sis\u00e4-tai ulkopuolinen uuni. Valittavissa: Tekniset tiedot Materiaali: kuusiSein\u00e4n paksuus: 45mmKorkeus maasta: 1050mmKiinnitys: kaksi ruostumatonta vannettaMerialumiini uuni kaksimetrisell\u00e4 [&hellip;]<\/p>\n","protected":false},"author":1,"featured_media":0,"parent":338,"menu_order":0,"comment_status":"closed","ping_status":"closed","template":"","meta":{"_et_pb_use_builder":"","_et_pb_old_content":"","_et_gb_content_width":"","footnotes":""},"class_list":["post-362","page","type-page","status-publish","hentry"],"yoast_head":"<!-- This site is optimized with the Yoast SEO plugin v27.3 - https:\/\/yoast.com\/product\/yoast-seo-wordpress\/ -->\n<title>Kylpytynnyri - Stylewood puidut\u00f6\u00f6d<\/title>\n<meta name=\"robots\" content=\"noindex, follow, max-snippet:-1, max-image-preview:large, max-video-preview:-1\" \/>\n<meta property=\"og:locale\" content=\"fi_FI\" \/>\n<meta property=\"og:type\" content=\"article\" \/>\n<meta property=\"og:title\" content=\"Kylpytynnyri - Stylewood puidut\u00f6\u00f6d\" \/>\n<meta property=\"og:description\" content=\"Joka kokeile se uudelleen haluaa Kylpytynnyrist\u00e4 voi nauttia vanha ja nuori, riippumatta vuodenajasta. Tynnyriin on asennettu penkit ja uunilta suojaa ritil\u00e4. Tynnyrin yl\u00e4osassa reunalaudat ja tynnyriin noustaan kaksi portaisilta portailta. Tynnyrin suojaksi tarjoamme pressun tai vanerikannen. Mahdollista tilata sis\u00e4-tai ulkopuolinen uuni. Valittavissa: Tekniset tiedot Materiaali: kuusiSein\u00e4n paksuus: 45mmKorkeus maasta: 1050mmKiinnitys: kaksi ruostumatonta vannettaMerialumiini uuni kaksimetrisell\u00e4 [&hellip;]\" \/>\n<meta property=\"og:url\" content=\"https:\/\/stylewood.kating.eu\/fi\/tuotteet\/kylpytynnyri\/\" \/>\n<meta property=\"og:site_name\" content=\"Stylewood puidut\u00f6\u00f6d\" \/>\n<meta property=\"article:modified_time\" content=\"2026-01-15T15:28:51+00:00\" \/>\n<meta property=\"og:image\" content=\"https:\/\/stylewood.kating.eu\/wp-content\/uploads\/2026\/01\/stylewood-kumblustunn-260111-01.jpg\" \/>\n\t<meta property=\"og:image:width\" content=\"906\" \/>\n\t<meta property=\"og:image:height\" content=\"600\" \/>\n\t<meta property=\"og:image:type\" content=\"image\/jpeg\" \/>\n<meta name=\"twitter:card\" content=\"summary_large_image\" \/>\n<meta name=\"twitter:label1\" content=\"Arvioitu lukuaika\" \/>\n\t<meta name=\"twitter:data1\" content=\"3 minuuttia\" \/>\n<script type=\"application\/ld+json\" class=\"yoast-schema-graph\">{\"@context\":\"https:\\\/\\\/schema.org\",\"@graph\":[{\"@type\":\"WebPage\",\"@id\":\"https:\\\/\\\/stylewood.kating.eu\\\/fi\\\/tuotteet\\\/kylpytynnyri\\\/\",\"url\":\"https:\\\/\\\/stylewood.kating.eu\\\/fi\\\/tuotteet\\\/kylpytynnyri\\\/\",\"name\":\"Kylpytynnyri - Stylewood puidut\u00f6\u00f6d\",\"isPartOf\":{\"@id\":\"https:\\\/\\\/stylewood.kating.eu\\\/fi\\\/#website\"},\"primaryImageOfPage\":{\"@id\":\"https:\\\/\\\/stylewood.kating.eu\\\/fi\\\/tuotteet\\\/kylpytynnyri\\\/#primaryimage\"},\"image\":{\"@id\":\"https:\\\/\\\/stylewood.kating.eu\\\/fi\\\/tuotteet\\\/kylpytynnyri\\\/#primaryimage\"},\"thumbnailUrl\":\"https:\\\/\\\/stylewood.kating.eu\\\/wp-content\\\/uploads\\\/2026\\\/01\\\/stylewood-kumblustunn-260111-01.jpg\",\"datePublished\":\"2026-01-11T09:18:10+00:00\",\"dateModified\":\"2026-01-15T15:28:51+00:00\",\"breadcrumb\":{\"@id\":\"https:\\\/\\\/stylewood.kating.eu\\\/fi\\\/tuotteet\\\/kylpytynnyri\\\/#breadcrumb\"},\"inLanguage\":\"fi\",\"potentialAction\":[{\"@type\":\"ReadAction\",\"target\":[\"https:\\\/\\\/stylewood.kating.eu\\\/fi\\\/tuotteet\\\/kylpytynnyri\\\/\"]}]},{\"@type\":\"ImageObject\",\"inLanguage\":\"fi\",\"@id\":\"https:\\\/\\\/stylewood.kating.eu\\\/fi\\\/tuotteet\\\/kylpytynnyri\\\/#primaryimage\",\"url\":\"https:\\\/\\\/stylewood.kating.eu\\\/wp-content\\\/uploads\\\/2026\\\/01\\\/stylewood-kumblustunn-260111-01.jpg\",\"contentUrl\":\"https:\\\/\\\/stylewood.kating.eu\\\/wp-content\\\/uploads\\\/2026\\\/01\\\/stylewood-kumblustunn-260111-01.jpg\"},{\"@type\":\"BreadcrumbList\",\"@id\":\"https:\\\/\\\/stylewood.kating.eu\\\/fi\\\/tuotteet\\\/kylpytynnyri\\\/#breadcrumb\",\"itemListElement\":[{\"@type\":\"ListItem\",\"position\":1,\"name\":\"Home\",\"item\":\"https:\\\/\\\/stylewood.kating.eu\\\/fi\\\/\"},{\"@type\":\"ListItem\",\"position\":2,\"name\":\"Tuotteet\",\"item\":\"https:\\\/\\\/stylewood.kating.eu\\\/fi\\\/tuotteet\\\/\"},{\"@type\":\"ListItem\",\"position\":3,\"name\":\"Kylpytynnyri\"}]},{\"@type\":\"WebSite\",\"@id\":\"https:\\\/\\\/stylewood.kating.eu\\\/fi\\\/#website\",\"url\":\"https:\\\/\\\/stylewood.kating.eu\\\/fi\\\/\",\"name\":\"Stylewood puidut\u00f6\u00f6d\",\"description\":\"\",\"potentialAction\":[{\"@type\":\"SearchAction\",\"target\":{\"@type\":\"EntryPoint\",\"urlTemplate\":\"https:\\\/\\\/stylewood.kating.eu\\\/fi\\\/?s={search_term_string}\"},\"query-input\":{\"@type\":\"PropertyValueSpecification\",\"valueRequired\":true,\"valueName\":\"search_term_string\"}}],\"inLanguage\":\"fi\"}]}<\/script>\n<!-- \/ Yoast SEO plugin. -->","yoast_head_json":{"title":"Kylpytynnyri - Stylewood puidut\u00f6\u00f6d","robots":{"index":"noindex","follow":"follow","max-snippet":"max-snippet:-1","max-image-preview":"max-image-preview:large","max-video-preview":"max-video-preview:-1"},"og_locale":"fi_FI","og_type":"article","og_title":"Kylpytynnyri - Stylewood puidut\u00f6\u00f6d","og_description":"Joka kokeile se uudelleen haluaa Kylpytynnyrist\u00e4 voi nauttia vanha ja nuori, riippumatta vuodenajasta. Tynnyriin on asennettu penkit ja uunilta suojaa ritil\u00e4. Tynnyrin yl\u00e4osassa reunalaudat ja tynnyriin noustaan kaksi portaisilta portailta. Tynnyrin suojaksi tarjoamme pressun tai vanerikannen. Mahdollista tilata sis\u00e4-tai ulkopuolinen uuni. Valittavissa: Tekniset tiedot Materiaali: kuusiSein\u00e4n paksuus: 45mmKorkeus maasta: 1050mmKiinnitys: kaksi ruostumatonta vannettaMerialumiini uuni kaksimetrisell\u00e4 [&hellip;]","og_url":"https:\/\/stylewood.kating.eu\/fi\/tuotteet\/kylpytynnyri\/","og_site_name":"Stylewood puidut\u00f6\u00f6d","article_modified_time":"2026-01-15T15:28:51+00:00","og_image":[{"width":906,"height":600,"url":"https:\/\/stylewood.kating.eu\/wp-content\/uploads\/2026\/01\/stylewood-kumblustunn-260111-01.jpg","type":"image\/jpeg"}],"twitter_card":"summary_large_image","twitter_misc":{"Arvioitu lukuaika":"3 minuuttia"},"schema":{"@context":"https:\/\/schema.org","@graph":[{"@type":"WebPage","@id":"https:\/\/stylewood.kating.eu\/fi\/tuotteet\/kylpytynnyri\/","url":"https:\/\/stylewood.kating.eu\/fi\/tuotteet\/kylpytynnyri\/","name":"Kylpytynnyri - Stylewood puidut\u00f6\u00f6d","isPartOf":{"@id":"https:\/\/stylewood.kating.eu\/fi\/#website"},"primaryImageOfPage":{"@id":"https:\/\/stylewood.kating.eu\/fi\/tuotteet\/kylpytynnyri\/#primaryimage"},"image":{"@id":"https:\/\/stylewood.kating.eu\/fi\/tuotteet\/kylpytynnyri\/#primaryimage"},"thumbnailUrl":"https:\/\/stylewood.kating.eu\/wp-content\/uploads\/2026\/01\/stylewood-kumblustunn-260111-01.jpg","datePublished":"2026-01-11T09:18:10+00:00","dateModified":"2026-01-15T15:28:51+00:00","breadcrumb":{"@id":"https:\/\/stylewood.kating.eu\/fi\/tuotteet\/kylpytynnyri\/#breadcrumb"},"inLanguage":"fi","potentialAction":[{"@type":"ReadAction","target":["https:\/\/stylewood.kating.eu\/fi\/tuotteet\/kylpytynnyri\/"]}]},{"@type":"ImageObject","inLanguage":"fi","@id":"https:\/\/stylewood.kating.eu\/fi\/tuotteet\/kylpytynnyri\/#primaryimage","url":"https:\/\/stylewood.kating.eu\/wp-content\/uploads\/2026\/01\/stylewood-kumblustunn-260111-01.jpg","contentUrl":"https:\/\/stylewood.kating.eu\/wp-content\/uploads\/2026\/01\/stylewood-kumblustunn-260111-01.jpg"},{"@type":"BreadcrumbList","@id":"https:\/\/stylewood.kating.eu\/fi\/tuotteet\/kylpytynnyri\/#breadcrumb","itemListElement":[{"@type":"ListItem","position":1,"name":"Home","item":"https:\/\/stylewood.kating.eu\/fi\/"},{"@type":"ListItem","position":2,"name":"Tuotteet","item":"https:\/\/stylewood.kating.eu\/fi\/tuotteet\/"},{"@type":"ListItem","position":3,"name":"Kylpytynnyri"}]},{"@type":"WebSite","@id":"https:\/\/stylewood.kating.eu\/fi\/#website","url":"https:\/\/stylewood.kating.eu\/fi\/","name":"Stylewood puidut\u00f6\u00f6d","description":"","potentialAction":[{"@type":"SearchAction","target":{"@type":"EntryPoint","urlTemplate":"https:\/\/stylewood.kating.eu\/fi\/?s={search_term_string}"},"query-input":{"@type":"PropertyValueSpecification","valueRequired":true,"valueName":"search_term_string"}}],"inLanguage":"fi"}]}},"_links":{"self":[{"href":"https:\/\/stylewood.kating.eu\/fi\/wp-json\/wp\/v2\/pages\/362","targetHints":{"allow":["GET"]}}],"collection":[{"href":"https:\/\/stylewood.kating.eu\/fi\/wp-json\/wp\/v2\/pages"}],"about":[{"href":"https:\/\/stylewood.kating.eu\/fi\/wp-json\/wp\/v2\/types\/page"}],"author":[{"embeddable":true,"href":"https:\/\/stylewood.kating.eu\/fi\/wp-json\/wp\/v2\/users\/1"}],"replies":[{"embeddable":true,"href":"https:\/\/stylewood.kating.eu\/fi\/wp-json\/wp\/v2\/comments?post=362"}],"version-history":[{"count":1,"href":"https:\/\/stylewood.kating.eu\/fi\/wp-json\/wp\/v2\/pages\/362\/revisions"}],"predecessor-version":[{"id":363,"href":"https:\/\/stylewood.kating.eu\/fi\/wp-json\/wp\/v2\/pages\/362\/revisions\/363"}],"up":[{"embeddable":true,"href":"https:\/\/stylewood.kating.eu\/fi\/wp-json\/wp\/v2\/pages\/338"}],"wp:attachment":[{"href":"https:\/\/stylewood.kating.eu\/fi\/wp-json\/wp\/v2\/media?parent=362"}],"curies":[{"name":"wp","href":"https:\/\/api.w.org\/{rel}","templated":true}]}}