{"id":351,"date":"2026-01-11T11:18:25","date_gmt":"2026-01-11T09:18:25","guid":{"rendered":"https:\/\/stylewood.kating.eu\/?page_id=351"},"modified":"2026-01-15T17:26:29","modified_gmt":"2026-01-15T15:26:29","slug":"tynnyrimokit","status":"publish","type":"page","link":"https:\/\/stylewood.kating.eu\/fi\/tuotteet\/tynnyrimokit\/","title":{"rendered":"Tynnyrim\u00f6kit"},"content":{"rendered":"\n<div class=\"wp-block-columns is-layout-flex wp-container-core-columns-is-layout-9d6595d7 wp-block-columns-is-layout-flex\">\n<div class=\"wp-block-column is-layout-flow wp-block-column-is-layout-flow\" style=\"flex-basis:66.66%\">\n<p>Uutuutena tarjoamme uutta ergonomisen muodon ratkaisua, joka antaa mahdollisuuden hy\u00f6ty sisustaa koko sis\u00e4tilan ja antaa tuotteelle ainutlaatuisen ilmeen. Omaper\u00e4isyytt\u00e4 ja tyyli\u00e4 antavat my\u00f6s kaarilla kehystetyt ikkunat ja ovi.<\/p>\n\n\n\n<p>Tuotevalikoimassa tarjoamme yhdell\u00e4 huoneella 2,4 metrin ja kahdella huoneella 3,7 metrin m\u00f6kki\u00e4 kuistilla.<\/p>\n\n\n\n<div style=\"height:30px\" aria-hidden=\"true\" class=\"wp-block-spacer\"><\/div>\n\n\n\n<figure class=\"wp-block-gallery has-nested-images columns-2 is-cropped wp-block-gallery-1 is-layout-flex wp-block-gallery-is-layout-flex\">\n<figure class=\"wp-block-image size-full\"><a href=\"https:\/\/stylewood.kating.eu\/wp-content\/uploads\/2026\/01\/stylewood-kamping-260111-01.jpg\" data-rel=\"lightbox-gallery-Yvf7pok1\" data-rl_title=\"\" data-rl_caption=\"\" title=\"\"><img loading=\"lazy\" decoding=\"async\" width=\"906\" height=\"600\" data-id=\"132\" src=\"https:\/\/stylewood.kating.eu\/wp-content\/uploads\/2026\/01\/stylewood-kamping-260111-01.jpg\" alt=\"K\u00e4mping\" class=\"wp-image-132\" srcset=\"https:\/\/stylewood.kating.eu\/wp-content\/uploads\/2026\/01\/stylewood-kamping-260111-01.jpg 906w, https:\/\/stylewood.kating.eu\/wp-content\/uploads\/2026\/01\/stylewood-kamping-260111-01-480x318.jpg 480w\" sizes=\"(min-width: 0px) and (max-width: 480px) 480px, (min-width: 481px) 906px, 100vw\" \/><\/a><\/figure>\n\n\n\n<figure class=\"wp-block-image size-full\"><a href=\"https:\/\/stylewood.kating.eu\/wp-content\/uploads\/2026\/01\/stylewood-kamping-260111-07.jpg\" data-rel=\"lightbox-gallery-Yvf7pok1\" data-rl_title=\"\" data-rl_caption=\"\" title=\"\"><img loading=\"lazy\" decoding=\"async\" width=\"397\" height=\"600\" data-id=\"137\" src=\"https:\/\/stylewood.kating.eu\/wp-content\/uploads\/2026\/01\/stylewood-kamping-260111-07.jpg\" alt=\"K\u00e4mping\" class=\"wp-image-137\" srcset=\"https:\/\/stylewood.kating.eu\/wp-content\/uploads\/2026\/01\/stylewood-kamping-260111-07.jpg 397w, https:\/\/stylewood.kating.eu\/wp-content\/uploads\/2026\/01\/stylewood-kamping-260111-07-199x300.jpg 199w\" sizes=\"(max-width: 397px) 100vw, 397px\" \/><\/a><\/figure>\n\n\n\n<figure class=\"wp-block-image size-full\"><a href=\"https:\/\/stylewood.kating.eu\/wp-content\/uploads\/2026\/01\/stylewood-kamping-260111-11.jpg\" data-rel=\"lightbox-gallery-Yvf7pok1\" data-rl_title=\"\" data-rl_caption=\"\" title=\"\"><img loading=\"lazy\" decoding=\"async\" width=\"397\" height=\"600\" data-id=\"133\" src=\"https:\/\/stylewood.kating.eu\/wp-content\/uploads\/2026\/01\/stylewood-kamping-260111-11.jpg\" alt=\"K\u00e4mping\" class=\"wp-image-133\" srcset=\"https:\/\/stylewood.kating.eu\/wp-content\/uploads\/2026\/01\/stylewood-kamping-260111-11.jpg 397w, https:\/\/stylewood.kating.eu\/wp-content\/uploads\/2026\/01\/stylewood-kamping-260111-11-199x300.jpg 199w\" sizes=\"(max-width: 397px) 100vw, 397px\" \/><\/a><\/figure>\n\n\n\n<figure class=\"wp-block-image size-full\"><a href=\"https:\/\/stylewood.kating.eu\/wp-content\/uploads\/2026\/01\/stylewood-kamping-260111-10.jpg\" data-rel=\"lightbox-gallery-Yvf7pok1\" data-rl_title=\"\" data-rl_caption=\"\" title=\"\"><img loading=\"lazy\" decoding=\"async\" width=\"397\" height=\"600\" data-id=\"134\" src=\"https:\/\/stylewood.kating.eu\/wp-content\/uploads\/2026\/01\/stylewood-kamping-260111-10.jpg\" alt=\"K\u00e4mping\" class=\"wp-image-134\" srcset=\"https:\/\/stylewood.kating.eu\/wp-content\/uploads\/2026\/01\/stylewood-kamping-260111-10.jpg 397w, https:\/\/stylewood.kating.eu\/wp-content\/uploads\/2026\/01\/stylewood-kamping-260111-10-199x300.jpg 199w\" sizes=\"(max-width: 397px) 100vw, 397px\" \/><\/a><\/figure>\n\n\n\n<figure class=\"wp-block-image size-full\"><a href=\"https:\/\/stylewood.kating.eu\/wp-content\/uploads\/2026\/01\/stylewood-kamping-260111-09.jpg\" data-rel=\"lightbox-gallery-Yvf7pok1\" data-rl_title=\"\" data-rl_caption=\"\" title=\"\"><img loading=\"lazy\" decoding=\"async\" width=\"397\" height=\"600\" data-id=\"135\" src=\"https:\/\/stylewood.kating.eu\/wp-content\/uploads\/2026\/01\/stylewood-kamping-260111-09.jpg\" alt=\"K\u00e4mping\" class=\"wp-image-135\" srcset=\"https:\/\/stylewood.kating.eu\/wp-content\/uploads\/2026\/01\/stylewood-kamping-260111-09.jpg 397w, https:\/\/stylewood.kating.eu\/wp-content\/uploads\/2026\/01\/stylewood-kamping-260111-09-199x300.jpg 199w\" sizes=\"(max-width: 397px) 100vw, 397px\" \/><\/a><\/figure>\n\n\n\n<figure class=\"wp-block-image size-full\"><a href=\"https:\/\/stylewood.kating.eu\/wp-content\/uploads\/2026\/01\/stylewood-kamping-260111-08.jpg\" data-rel=\"lightbox-gallery-Yvf7pok1\" data-rl_title=\"\" data-rl_caption=\"\" title=\"\"><img loading=\"lazy\" decoding=\"async\" width=\"397\" height=\"600\" data-id=\"136\" src=\"https:\/\/stylewood.kating.eu\/wp-content\/uploads\/2026\/01\/stylewood-kamping-260111-08.jpg\" alt=\"K\u00e4mping\" class=\"wp-image-136\" srcset=\"https:\/\/stylewood.kating.eu\/wp-content\/uploads\/2026\/01\/stylewood-kamping-260111-08.jpg 397w, https:\/\/stylewood.kating.eu\/wp-content\/uploads\/2026\/01\/stylewood-kamping-260111-08-199x300.jpg 199w\" sizes=\"(max-width: 397px) 100vw, 397px\" \/><\/a><\/figure>\n\n\n\n<figure class=\"wp-block-image size-full\"><a href=\"https:\/\/stylewood.kating.eu\/wp-content\/uploads\/2026\/01\/stylewood-kamping-260111-05.jpg\" data-rel=\"lightbox-gallery-Yvf7pok1\" data-rl_title=\"\" data-rl_caption=\"\" title=\"\"><img loading=\"lazy\" decoding=\"async\" width=\"397\" height=\"600\" data-id=\"139\" src=\"https:\/\/stylewood.kating.eu\/wp-content\/uploads\/2026\/01\/stylewood-kamping-260111-05.jpg\" alt=\"K\u00e4mping\" class=\"wp-image-139\" srcset=\"https:\/\/stylewood.kating.eu\/wp-content\/uploads\/2026\/01\/stylewood-kamping-260111-05.jpg 397w, https:\/\/stylewood.kating.eu\/wp-content\/uploads\/2026\/01\/stylewood-kamping-260111-05-199x300.jpg 199w\" sizes=\"(max-width: 397px) 100vw, 397px\" \/><\/a><\/figure>\n\n\n\n<figure class=\"wp-block-image size-full\"><a href=\"https:\/\/stylewood.kating.eu\/wp-content\/uploads\/2026\/01\/stylewood-kamping-260111-04.jpg\" data-rel=\"lightbox-gallery-Yvf7pok1\" data-rl_title=\"\" data-rl_caption=\"\" title=\"\"><img loading=\"lazy\" decoding=\"async\" width=\"397\" height=\"600\" data-id=\"140\" src=\"https:\/\/stylewood.kating.eu\/wp-content\/uploads\/2026\/01\/stylewood-kamping-260111-04.jpg\" alt=\"K\u00e4mping\" class=\"wp-image-140\" srcset=\"https:\/\/stylewood.kating.eu\/wp-content\/uploads\/2026\/01\/stylewood-kamping-260111-04.jpg 397w, https:\/\/stylewood.kating.eu\/wp-content\/uploads\/2026\/01\/stylewood-kamping-260111-04-199x300.jpg 199w\" sizes=\"(max-width: 397px) 100vw, 397px\" \/><\/a><\/figure>\n\n\n\n<figure class=\"wp-block-image size-full\"><a href=\"https:\/\/stylewood.kating.eu\/wp-content\/uploads\/2026\/01\/stylewood-kamping-260111-03.jpg\" data-rel=\"lightbox-gallery-Yvf7pok1\" data-rl_title=\"\" data-rl_caption=\"\" title=\"\"><img loading=\"lazy\" decoding=\"async\" width=\"397\" height=\"600\" data-id=\"141\" src=\"https:\/\/stylewood.kating.eu\/wp-content\/uploads\/2026\/01\/stylewood-kamping-260111-03.jpg\" alt=\"K\u00e4mping\" class=\"wp-image-141\" srcset=\"https:\/\/stylewood.kating.eu\/wp-content\/uploads\/2026\/01\/stylewood-kamping-260111-03.jpg 397w, https:\/\/stylewood.kating.eu\/wp-content\/uploads\/2026\/01\/stylewood-kamping-260111-03-199x300.jpg 199w\" sizes=\"(max-width: 397px) 100vw, 397px\" \/><\/a><\/figure>\n\n\n\n<figure class=\"wp-block-image size-full\"><a href=\"https:\/\/stylewood.kating.eu\/wp-content\/uploads\/2026\/01\/stylewood-kamping-260111-02.jpg\" data-rel=\"lightbox-gallery-Yvf7pok1\" data-rl_title=\"\" data-rl_caption=\"\" title=\"\"><img loading=\"lazy\" decoding=\"async\" width=\"397\" height=\"600\" data-id=\"142\" src=\"https:\/\/stylewood.kating.eu\/wp-content\/uploads\/2026\/01\/stylewood-kamping-260111-02.jpg\" alt=\"K\u00e4mping\" class=\"wp-image-142\" srcset=\"https:\/\/stylewood.kating.eu\/wp-content\/uploads\/2026\/01\/stylewood-kamping-260111-02.jpg 397w, https:\/\/stylewood.kating.eu\/wp-content\/uploads\/2026\/01\/stylewood-kamping-260111-02-199x300.jpg 199w\" sizes=\"(max-width: 397px) 100vw, 397px\" \/><\/a><\/figure>\n\n\n\n<figure class=\"wp-block-image size-full\"><a href=\"https:\/\/stylewood.kating.eu\/wp-content\/uploads\/2026\/01\/stylewood-kamping-260111-06.jpg\" data-rel=\"lightbox-gallery-Yvf7pok1\" data-rl_title=\"\" data-rl_caption=\"\" title=\"\"><img loading=\"lazy\" decoding=\"async\" width=\"906\" height=\"600\" data-id=\"138\" src=\"https:\/\/stylewood.kating.eu\/wp-content\/uploads\/2026\/01\/stylewood-kamping-260111-06.jpg\" alt=\"K\u00e4mping\" class=\"wp-image-138\" srcset=\"https:\/\/stylewood.kating.eu\/wp-content\/uploads\/2026\/01\/stylewood-kamping-260111-06.jpg 906w, https:\/\/stylewood.kating.eu\/wp-content\/uploads\/2026\/01\/stylewood-kamping-260111-06-480x318.jpg 480w\" sizes=\"(min-width: 0px) and (max-width: 480px) 480px, (min-width: 481px) 906px, 100vw\" \/><\/a><\/figure>\n<\/figure>\n<\/div>\n\n\n\n<div class=\"wp-block-column is-layout-flow wp-block-column-is-layout-flow\" style=\"flex-basis:33.33%\">\n<h2 class=\"wp-block-heading has-white-color has-pruun-background-color has-text-color has-background has-link-color wp-elements-33c1286bd3a4fc3df6765d15bc155dad\">M\u00f6kki &#8221;PESATARU&#8221; 2,4M<\/h2>\n\n\n\n<p><strong>Materiaali:<\/strong> kuusi<br><strong>Pituus:<\/strong> 2,4m<br><strong>Korkeus maasta:<\/strong> 2,3m<br><strong>Sivusein\u00e4n paksuus:<\/strong> 45mm<br><strong>P\u00e4\u00e4tysein\u00e4n paksuus:<\/strong> 28mm<br><strong>Kiinnitys:<\/strong> 2 ruostumatonta vannetta<br><strong>Katto:<\/strong> Icopal paanu (punainen tai musta)<br><strong>Viimeistely:<\/strong> Remmert Lazur<br><strong>Ikkunat:<\/strong> suuri avattava p\u00e4\u00e4tyikkuna (kaarikarmi-ikkuna, pronssi lasi)<br><strong>Ovi:<\/strong> puinen kaarikarmi, lasi (pronssi lasi)<br><strong>Oleskelutilan pituus:<\/strong> 2m<br><strong>S\u00e4ngyt:<\/strong> 2 vuodepaikkaa + patjat + s\u00e4ilytystilat + p\u00f6yt\u00e4.<br><strong>S\u00e4hk\u00f6:<\/strong> 400W patteri, yksi sis\u00e4valaisin, kaksi pistorasiaa.<\/p>\n\n\n\n<div style=\"height:30px\" aria-hidden=\"true\" class=\"wp-block-spacer\"><\/div>\n\n\n\n<h2 class=\"wp-block-heading has-white-color has-pruun-background-color has-text-color has-background has-link-color wp-elements-5f6a646575aa5d89c7ff79b65030a544\">M\u00f6kki &#8221;MESITARU&#8221; 3,7M<\/h2>\n\n\n\n<p><strong>Materiaali:<\/strong> kuusi<br><strong>Pituus:<\/strong> 3,7m<br><strong>Sis\u00e4korkeus:<\/strong> 2,1m<br><strong>Korkeus maasta:<\/strong> 2,3m<br><strong>Sivusein\u00e4n paksuus:<\/strong> 45mm<br><strong>P\u00e4\u00e4tysein\u00e4n paksuus:<\/strong> 28mm<br><strong>Kiinnitys:<\/strong> 4 ruostumatonta vannetta<br><strong>Katto:<\/strong> Icopal paanu (punainen tai musta)<br><strong>Viimeistely:<\/strong> Remmert Lazur<br><strong>Ikkunat:<\/strong> suuri avattava p\u00e4\u00e4tyikkuna ja pieni avattava etuikkuna(kaarikarmi-ikkuna, pronssi lasi)<br><strong>Ovi:<\/strong> Kaarikarmi, lasi (pronssi lasi)<br><strong>Oleskelutila pituus:<\/strong> 2m<br><strong>Eteisen pituus:<\/strong> 1m + vaatekaappi kahdella liukuovella + istumalava<br><strong>S\u00e4ngyt:<\/strong> 2 vuodepaikkaa tai 4 vuodepaikkaa + patjat + s\u00e4ilytystilat + p\u00f6yt\u00e4.<br><strong>Kuistin pituus:<\/strong> 570mm<br><strong>S\u00e4hk\u00f6:<\/strong> 500W patteri, kaksi sis\u00e4valaisinta, nelj\u00e4 pistorasiaa.<\/p>\n<\/div>\n<\/div>\n","protected":false},"excerpt":{"rendered":"<p>Uutuutena tarjoamme uutta ergonomisen muodon ratkaisua, joka antaa mahdollisuuden hy\u00f6ty sisustaa koko sis\u00e4tilan ja antaa tuotteelle ainutlaatuisen ilmeen. Omaper\u00e4isyytt\u00e4 ja tyyli\u00e4 antavat my\u00f6s kaarilla kehystetyt ikkunat ja ovi. Tuotevalikoimassa tarjoamme yhdell\u00e4 huoneella 2,4 metrin ja kahdella huoneella 3,7 metrin m\u00f6kki\u00e4 kuistilla. M\u00f6kki &#8221;PESATARU&#8221; 2,4M Materiaali: kuusiPituus: 2,4mKorkeus maasta: 2,3mSivusein\u00e4n paksuus: 45mmP\u00e4\u00e4tysein\u00e4n paksuus: 28mmKiinnitys: 2 ruostumatonta [&hellip;]<\/p>\n","protected":false},"author":1,"featured_media":0,"parent":338,"menu_order":0,"comment_status":"closed","ping_status":"closed","template":"","meta":{"_et_pb_use_builder":"","_et_pb_old_content":"","_et_gb_content_width":"","footnotes":""},"class_list":["post-351","page","type-page","status-publish","hentry"],"yoast_head":"<!-- This site is optimized with the Yoast SEO plugin v27.3 - https:\/\/yoast.com\/product\/yoast-seo-wordpress\/ -->\n<title>Tynnyrim\u00f6kit - Stylewood puidut\u00f6\u00f6d<\/title>\n<meta name=\"robots\" content=\"noindex, follow, max-snippet:-1, max-image-preview:large, max-video-preview:-1\" \/>\n<meta property=\"og:locale\" content=\"fi_FI\" \/>\n<meta property=\"og:type\" content=\"article\" \/>\n<meta property=\"og:title\" content=\"Tynnyrim\u00f6kit - Stylewood puidut\u00f6\u00f6d\" \/>\n<meta property=\"og:description\" content=\"Uutuutena tarjoamme uutta ergonomisen muodon ratkaisua, joka antaa mahdollisuuden hy\u00f6ty sisustaa koko sis\u00e4tilan ja antaa tuotteelle ainutlaatuisen ilmeen. Omaper\u00e4isyytt\u00e4 ja tyyli\u00e4 antavat my\u00f6s kaarilla kehystetyt ikkunat ja ovi. Tuotevalikoimassa tarjoamme yhdell\u00e4 huoneella 2,4 metrin ja kahdella huoneella 3,7 metrin m\u00f6kki\u00e4 kuistilla. M\u00f6kki &#8221;PESATARU&#8221; 2,4M Materiaali: kuusiPituus: 2,4mKorkeus maasta: 2,3mSivusein\u00e4n paksuus: 45mmP\u00e4\u00e4tysein\u00e4n paksuus: 28mmKiinnitys: 2 ruostumatonta [&hellip;]\" \/>\n<meta property=\"og:url\" content=\"https:\/\/stylewood.kating.eu\/fi\/tuotteet\/tynnyrimokit\/\" \/>\n<meta property=\"og:site_name\" content=\"Stylewood puidut\u00f6\u00f6d\" \/>\n<meta property=\"article:modified_time\" content=\"2026-01-15T15:26:29+00:00\" \/>\n<meta property=\"og:image\" content=\"https:\/\/stylewood.kating.eu\/wp-content\/uploads\/2026\/01\/stylewood-kamping-260111-01.jpg\" \/>\n\t<meta property=\"og:image:width\" content=\"906\" \/>\n\t<meta property=\"og:image:height\" content=\"600\" \/>\n\t<meta property=\"og:image:type\" content=\"image\/jpeg\" \/>\n<meta name=\"twitter:card\" content=\"summary_large_image\" \/>\n<meta name=\"twitter:label1\" content=\"Arvioitu lukuaika\" \/>\n\t<meta name=\"twitter:data1\" content=\"4 minuuttia\" \/>\n<script type=\"application\/ld+json\" class=\"yoast-schema-graph\">{\"@context\":\"https:\\\/\\\/schema.org\",\"@graph\":[{\"@type\":\"WebPage\",\"@id\":\"https:\\\/\\\/stylewood.kating.eu\\\/fi\\\/tuotteet\\\/tynnyrimokit\\\/\",\"url\":\"https:\\\/\\\/stylewood.kating.eu\\\/fi\\\/tuotteet\\\/tynnyrimokit\\\/\",\"name\":\"Tynnyrim\u00f6kit - Stylewood puidut\u00f6\u00f6d\",\"isPartOf\":{\"@id\":\"https:\\\/\\\/stylewood.kating.eu\\\/fi\\\/#website\"},\"primaryImageOfPage\":{\"@id\":\"https:\\\/\\\/stylewood.kating.eu\\\/fi\\\/tuotteet\\\/tynnyrimokit\\\/#primaryimage\"},\"image\":{\"@id\":\"https:\\\/\\\/stylewood.kating.eu\\\/fi\\\/tuotteet\\\/tynnyrimokit\\\/#primaryimage\"},\"thumbnailUrl\":\"https:\\\/\\\/stylewood.kating.eu\\\/wp-content\\\/uploads\\\/2026\\\/01\\\/stylewood-kamping-260111-01.jpg\",\"datePublished\":\"2026-01-11T09:18:25+00:00\",\"dateModified\":\"2026-01-15T15:26:29+00:00\",\"breadcrumb\":{\"@id\":\"https:\\\/\\\/stylewood.kating.eu\\\/fi\\\/tuotteet\\\/tynnyrimokit\\\/#breadcrumb\"},\"inLanguage\":\"fi\",\"potentialAction\":[{\"@type\":\"ReadAction\",\"target\":[\"https:\\\/\\\/stylewood.kating.eu\\\/fi\\\/tuotteet\\\/tynnyrimokit\\\/\"]}]},{\"@type\":\"ImageObject\",\"inLanguage\":\"fi\",\"@id\":\"https:\\\/\\\/stylewood.kating.eu\\\/fi\\\/tuotteet\\\/tynnyrimokit\\\/#primaryimage\",\"url\":\"https:\\\/\\\/stylewood.kating.eu\\\/wp-content\\\/uploads\\\/2026\\\/01\\\/stylewood-kamping-260111-01.jpg\",\"contentUrl\":\"https:\\\/\\\/stylewood.kating.eu\\\/wp-content\\\/uploads\\\/2026\\\/01\\\/stylewood-kamping-260111-01.jpg\"},{\"@type\":\"BreadcrumbList\",\"@id\":\"https:\\\/\\\/stylewood.kating.eu\\\/fi\\\/tuotteet\\\/tynnyrimokit\\\/#breadcrumb\",\"itemListElement\":[{\"@type\":\"ListItem\",\"position\":1,\"name\":\"Home\",\"item\":\"https:\\\/\\\/stylewood.kating.eu\\\/fi\\\/\"},{\"@type\":\"ListItem\",\"position\":2,\"name\":\"Tuotteet\",\"item\":\"https:\\\/\\\/stylewood.kating.eu\\\/fi\\\/tuotteet\\\/\"},{\"@type\":\"ListItem\",\"position\":3,\"name\":\"Tynnyrim\u00f6kit\"}]},{\"@type\":\"WebSite\",\"@id\":\"https:\\\/\\\/stylewood.kating.eu\\\/fi\\\/#website\",\"url\":\"https:\\\/\\\/stylewood.kating.eu\\\/fi\\\/\",\"name\":\"Stylewood puidut\u00f6\u00f6d\",\"description\":\"\",\"potentialAction\":[{\"@type\":\"SearchAction\",\"target\":{\"@type\":\"EntryPoint\",\"urlTemplate\":\"https:\\\/\\\/stylewood.kating.eu\\\/fi\\\/?s={search_term_string}\"},\"query-input\":{\"@type\":\"PropertyValueSpecification\",\"valueRequired\":true,\"valueName\":\"search_term_string\"}}],\"inLanguage\":\"fi\"}]}<\/script>\n<!-- \/ Yoast SEO plugin. -->","yoast_head_json":{"title":"Tynnyrim\u00f6kit - Stylewood puidut\u00f6\u00f6d","robots":{"index":"noindex","follow":"follow","max-snippet":"max-snippet:-1","max-image-preview":"max-image-preview:large","max-video-preview":"max-video-preview:-1"},"og_locale":"fi_FI","og_type":"article","og_title":"Tynnyrim\u00f6kit - Stylewood puidut\u00f6\u00f6d","og_description":"Uutuutena tarjoamme uutta ergonomisen muodon ratkaisua, joka antaa mahdollisuuden hy\u00f6ty sisustaa koko sis\u00e4tilan ja antaa tuotteelle ainutlaatuisen ilmeen. Omaper\u00e4isyytt\u00e4 ja tyyli\u00e4 antavat my\u00f6s kaarilla kehystetyt ikkunat ja ovi. Tuotevalikoimassa tarjoamme yhdell\u00e4 huoneella 2,4 metrin ja kahdella huoneella 3,7 metrin m\u00f6kki\u00e4 kuistilla. M\u00f6kki &#8221;PESATARU&#8221; 2,4M Materiaali: kuusiPituus: 2,4mKorkeus maasta: 2,3mSivusein\u00e4n paksuus: 45mmP\u00e4\u00e4tysein\u00e4n paksuus: 28mmKiinnitys: 2 ruostumatonta [&hellip;]","og_url":"https:\/\/stylewood.kating.eu\/fi\/tuotteet\/tynnyrimokit\/","og_site_name":"Stylewood puidut\u00f6\u00f6d","article_modified_time":"2026-01-15T15:26:29+00:00","og_image":[{"width":906,"height":600,"url":"https:\/\/stylewood.kating.eu\/wp-content\/uploads\/2026\/01\/stylewood-kamping-260111-01.jpg","type":"image\/jpeg"}],"twitter_card":"summary_large_image","twitter_misc":{"Arvioitu lukuaika":"4 minuuttia"},"schema":{"@context":"https:\/\/schema.org","@graph":[{"@type":"WebPage","@id":"https:\/\/stylewood.kating.eu\/fi\/tuotteet\/tynnyrimokit\/","url":"https:\/\/stylewood.kating.eu\/fi\/tuotteet\/tynnyrimokit\/","name":"Tynnyrim\u00f6kit - Stylewood puidut\u00f6\u00f6d","isPartOf":{"@id":"https:\/\/stylewood.kating.eu\/fi\/#website"},"primaryImageOfPage":{"@id":"https:\/\/stylewood.kating.eu\/fi\/tuotteet\/tynnyrimokit\/#primaryimage"},"image":{"@id":"https:\/\/stylewood.kating.eu\/fi\/tuotteet\/tynnyrimokit\/#primaryimage"},"thumbnailUrl":"https:\/\/stylewood.kating.eu\/wp-content\/uploads\/2026\/01\/stylewood-kamping-260111-01.jpg","datePublished":"2026-01-11T09:18:25+00:00","dateModified":"2026-01-15T15:26:29+00:00","breadcrumb":{"@id":"https:\/\/stylewood.kating.eu\/fi\/tuotteet\/tynnyrimokit\/#breadcrumb"},"inLanguage":"fi","potentialAction":[{"@type":"ReadAction","target":["https:\/\/stylewood.kating.eu\/fi\/tuotteet\/tynnyrimokit\/"]}]},{"@type":"ImageObject","inLanguage":"fi","@id":"https:\/\/stylewood.kating.eu\/fi\/tuotteet\/tynnyrimokit\/#primaryimage","url":"https:\/\/stylewood.kating.eu\/wp-content\/uploads\/2026\/01\/stylewood-kamping-260111-01.jpg","contentUrl":"https:\/\/stylewood.kating.eu\/wp-content\/uploads\/2026\/01\/stylewood-kamping-260111-01.jpg"},{"@type":"BreadcrumbList","@id":"https:\/\/stylewood.kating.eu\/fi\/tuotteet\/tynnyrimokit\/#breadcrumb","itemListElement":[{"@type":"ListItem","position":1,"name":"Home","item":"https:\/\/stylewood.kating.eu\/fi\/"},{"@type":"ListItem","position":2,"name":"Tuotteet","item":"https:\/\/stylewood.kating.eu\/fi\/tuotteet\/"},{"@type":"ListItem","position":3,"name":"Tynnyrim\u00f6kit"}]},{"@type":"WebSite","@id":"https:\/\/stylewood.kating.eu\/fi\/#website","url":"https:\/\/stylewood.kating.eu\/fi\/","name":"Stylewood puidut\u00f6\u00f6d","description":"","potentialAction":[{"@type":"SearchAction","target":{"@type":"EntryPoint","urlTemplate":"https:\/\/stylewood.kating.eu\/fi\/?s={search_term_string}"},"query-input":{"@type":"PropertyValueSpecification","valueRequired":true,"valueName":"search_term_string"}}],"inLanguage":"fi"}]}},"_links":{"self":[{"href":"https:\/\/stylewood.kating.eu\/fi\/wp-json\/wp\/v2\/pages\/351","targetHints":{"allow":["GET"]}}],"collection":[{"href":"https:\/\/stylewood.kating.eu\/fi\/wp-json\/wp\/v2\/pages"}],"about":[{"href":"https:\/\/stylewood.kating.eu\/fi\/wp-json\/wp\/v2\/types\/page"}],"author":[{"embeddable":true,"href":"https:\/\/stylewood.kating.eu\/fi\/wp-json\/wp\/v2\/users\/1"}],"replies":[{"embeddable":true,"href":"https:\/\/stylewood.kating.eu\/fi\/wp-json\/wp\/v2\/comments?post=351"}],"version-history":[{"count":1,"href":"https:\/\/stylewood.kating.eu\/fi\/wp-json\/wp\/v2\/pages\/351\/revisions"}],"predecessor-version":[{"id":352,"href":"https:\/\/stylewood.kating.eu\/fi\/wp-json\/wp\/v2\/pages\/351\/revisions\/352"}],"up":[{"embeddable":true,"href":"https:\/\/stylewood.kating.eu\/fi\/wp-json\/wp\/v2\/pages\/338"}],"wp:attachment":[{"href":"https:\/\/stylewood.kating.eu\/fi\/wp-json\/wp\/v2\/media?parent=351"}],"curies":[{"name":"wp","href":"https:\/\/api.w.org\/{rel}","templated":true}]}}