{"id":268,"date":"2026-01-11T11:18:25","date_gmt":"2026-01-11T09:18:25","guid":{"rendered":"https:\/\/stylewood.kating.eu\/barrel-cabins\/"},"modified":"2026-01-15T14:02:05","modified_gmt":"2026-01-15T12:02:05","slug":"barrel-cabins","status":"publish","type":"page","link":"https:\/\/stylewood.kating.eu\/en\/products\/barrel-cabins\/","title":{"rendered":"Barrel cabins"},"content":{"rendered":"\n<div class=\"wp-block-columns is-layout-flex wp-container-core-columns-is-layout-9d6595d7 wp-block-columns-is-layout-flex\">\n<div class=\"wp-block-column is-layout-flow wp-block-column-is-layout-flow\" style=\"flex-basis:66.66%\">\n<p>The new ergonomic solution offers an opportunity to usefully equip the whole interior which gives the cabin a unique look. The arched door and window frames add unique style. <\/p>\n\n\n\n<p><strong>We offer 2.4 meter long one room and 3.7 meter long two room cabins with a balcony.<\/strong><\/p>\n\n\n\n<div style=\"height:30px\" aria-hidden=\"true\" class=\"wp-block-spacer\"><\/div>\n\n\n\n<figure class=\"wp-block-gallery has-nested-images columns-2 is-cropped wp-block-gallery-1 is-layout-flex wp-block-gallery-is-layout-flex\">\n<figure class=\"wp-block-image size-full\"><a href=\"https:\/\/stylewood.kating.eu\/wp-content\/uploads\/2026\/01\/stylewood-kamping-260111-01.jpg\" data-rel=\"lightbox-gallery-VDKLVGrB\" data-rl_title=\"\" data-rl_caption=\"\" title=\"\"><img loading=\"lazy\" decoding=\"async\" width=\"906\" height=\"600\" data-id=\"132\" src=\"https:\/\/stylewood.kating.eu\/wp-content\/uploads\/2026\/01\/stylewood-kamping-260111-01.jpg\" alt=\"K\u00e4mping\" class=\"wp-image-132\" srcset=\"https:\/\/stylewood.kating.eu\/wp-content\/uploads\/2026\/01\/stylewood-kamping-260111-01.jpg 906w, https:\/\/stylewood.kating.eu\/wp-content\/uploads\/2026\/01\/stylewood-kamping-260111-01-480x318.jpg 480w\" sizes=\"(min-width: 0px) and (max-width: 480px) 480px, (min-width: 481px) 906px, 100vw\" \/><\/a><\/figure>\n\n\n\n<figure class=\"wp-block-image size-full\"><a href=\"https:\/\/stylewood.kating.eu\/wp-content\/uploads\/2026\/01\/stylewood-kamping-260111-07.jpg\" data-rel=\"lightbox-gallery-VDKLVGrB\" data-rl_title=\"\" data-rl_caption=\"\" title=\"\"><img loading=\"lazy\" decoding=\"async\" width=\"397\" height=\"600\" data-id=\"137\" src=\"https:\/\/stylewood.kating.eu\/wp-content\/uploads\/2026\/01\/stylewood-kamping-260111-07.jpg\" alt=\"K\u00e4mping\" class=\"wp-image-137\" srcset=\"https:\/\/stylewood.kating.eu\/wp-content\/uploads\/2026\/01\/stylewood-kamping-260111-07.jpg 397w, https:\/\/stylewood.kating.eu\/wp-content\/uploads\/2026\/01\/stylewood-kamping-260111-07-199x300.jpg 199w\" sizes=\"(max-width: 397px) 100vw, 397px\" \/><\/a><\/figure>\n\n\n\n<figure class=\"wp-block-image size-full\"><a href=\"https:\/\/stylewood.kating.eu\/wp-content\/uploads\/2026\/01\/stylewood-kamping-260111-11.jpg\" data-rel=\"lightbox-gallery-VDKLVGrB\" data-rl_title=\"\" data-rl_caption=\"\" title=\"\"><img loading=\"lazy\" decoding=\"async\" width=\"397\" height=\"600\" data-id=\"133\" src=\"https:\/\/stylewood.kating.eu\/wp-content\/uploads\/2026\/01\/stylewood-kamping-260111-11.jpg\" alt=\"K\u00e4mping\" class=\"wp-image-133\" srcset=\"https:\/\/stylewood.kating.eu\/wp-content\/uploads\/2026\/01\/stylewood-kamping-260111-11.jpg 397w, https:\/\/stylewood.kating.eu\/wp-content\/uploads\/2026\/01\/stylewood-kamping-260111-11-199x300.jpg 199w\" sizes=\"(max-width: 397px) 100vw, 397px\" \/><\/a><\/figure>\n\n\n\n<figure class=\"wp-block-image size-full\"><a href=\"https:\/\/stylewood.kating.eu\/wp-content\/uploads\/2026\/01\/stylewood-kamping-260111-10.jpg\" data-rel=\"lightbox-gallery-VDKLVGrB\" data-rl_title=\"\" data-rl_caption=\"\" title=\"\"><img loading=\"lazy\" decoding=\"async\" width=\"397\" height=\"600\" data-id=\"134\" src=\"https:\/\/stylewood.kating.eu\/wp-content\/uploads\/2026\/01\/stylewood-kamping-260111-10.jpg\" alt=\"K\u00e4mping\" class=\"wp-image-134\" srcset=\"https:\/\/stylewood.kating.eu\/wp-content\/uploads\/2026\/01\/stylewood-kamping-260111-10.jpg 397w, https:\/\/stylewood.kating.eu\/wp-content\/uploads\/2026\/01\/stylewood-kamping-260111-10-199x300.jpg 199w\" sizes=\"(max-width: 397px) 100vw, 397px\" \/><\/a><\/figure>\n\n\n\n<figure class=\"wp-block-image size-full\"><a href=\"https:\/\/stylewood.kating.eu\/wp-content\/uploads\/2026\/01\/stylewood-kamping-260111-09.jpg\" data-rel=\"lightbox-gallery-VDKLVGrB\" data-rl_title=\"\" data-rl_caption=\"\" title=\"\"><img loading=\"lazy\" decoding=\"async\" width=\"397\" height=\"600\" data-id=\"135\" src=\"https:\/\/stylewood.kating.eu\/wp-content\/uploads\/2026\/01\/stylewood-kamping-260111-09.jpg\" alt=\"K\u00e4mping\" class=\"wp-image-135\" srcset=\"https:\/\/stylewood.kating.eu\/wp-content\/uploads\/2026\/01\/stylewood-kamping-260111-09.jpg 397w, https:\/\/stylewood.kating.eu\/wp-content\/uploads\/2026\/01\/stylewood-kamping-260111-09-199x300.jpg 199w\" sizes=\"(max-width: 397px) 100vw, 397px\" \/><\/a><\/figure>\n\n\n\n<figure class=\"wp-block-image size-full\"><a href=\"https:\/\/stylewood.kating.eu\/wp-content\/uploads\/2026\/01\/stylewood-kamping-260111-08.jpg\" data-rel=\"lightbox-gallery-VDKLVGrB\" data-rl_title=\"\" data-rl_caption=\"\" title=\"\"><img loading=\"lazy\" decoding=\"async\" width=\"397\" height=\"600\" data-id=\"136\" src=\"https:\/\/stylewood.kating.eu\/wp-content\/uploads\/2026\/01\/stylewood-kamping-260111-08.jpg\" alt=\"K\u00e4mping\" class=\"wp-image-136\" srcset=\"https:\/\/stylewood.kating.eu\/wp-content\/uploads\/2026\/01\/stylewood-kamping-260111-08.jpg 397w, https:\/\/stylewood.kating.eu\/wp-content\/uploads\/2026\/01\/stylewood-kamping-260111-08-199x300.jpg 199w\" sizes=\"(max-width: 397px) 100vw, 397px\" \/><\/a><\/figure>\n\n\n\n<figure class=\"wp-block-image size-full\"><a href=\"https:\/\/stylewood.kating.eu\/wp-content\/uploads\/2026\/01\/stylewood-kamping-260111-05.jpg\" data-rel=\"lightbox-gallery-VDKLVGrB\" data-rl_title=\"\" data-rl_caption=\"\" title=\"\"><img loading=\"lazy\" decoding=\"async\" width=\"397\" height=\"600\" data-id=\"139\" src=\"https:\/\/stylewood.kating.eu\/wp-content\/uploads\/2026\/01\/stylewood-kamping-260111-05.jpg\" alt=\"K\u00e4mping\" class=\"wp-image-139\" srcset=\"https:\/\/stylewood.kating.eu\/wp-content\/uploads\/2026\/01\/stylewood-kamping-260111-05.jpg 397w, https:\/\/stylewood.kating.eu\/wp-content\/uploads\/2026\/01\/stylewood-kamping-260111-05-199x300.jpg 199w\" sizes=\"(max-width: 397px) 100vw, 397px\" \/><\/a><\/figure>\n\n\n\n<figure class=\"wp-block-image size-full\"><a href=\"https:\/\/stylewood.kating.eu\/wp-content\/uploads\/2026\/01\/stylewood-kamping-260111-04.jpg\" data-rel=\"lightbox-gallery-VDKLVGrB\" data-rl_title=\"\" data-rl_caption=\"\" title=\"\"><img loading=\"lazy\" decoding=\"async\" width=\"397\" height=\"600\" data-id=\"140\" src=\"https:\/\/stylewood.kating.eu\/wp-content\/uploads\/2026\/01\/stylewood-kamping-260111-04.jpg\" alt=\"K\u00e4mping\" class=\"wp-image-140\" srcset=\"https:\/\/stylewood.kating.eu\/wp-content\/uploads\/2026\/01\/stylewood-kamping-260111-04.jpg 397w, https:\/\/stylewood.kating.eu\/wp-content\/uploads\/2026\/01\/stylewood-kamping-260111-04-199x300.jpg 199w\" sizes=\"(max-width: 397px) 100vw, 397px\" \/><\/a><\/figure>\n\n\n\n<figure class=\"wp-block-image size-full\"><a href=\"https:\/\/stylewood.kating.eu\/wp-content\/uploads\/2026\/01\/stylewood-kamping-260111-03.jpg\" data-rel=\"lightbox-gallery-VDKLVGrB\" data-rl_title=\"\" data-rl_caption=\"\" title=\"\"><img loading=\"lazy\" decoding=\"async\" width=\"397\" height=\"600\" data-id=\"141\" src=\"https:\/\/stylewood.kating.eu\/wp-content\/uploads\/2026\/01\/stylewood-kamping-260111-03.jpg\" alt=\"K\u00e4mping\" class=\"wp-image-141\" srcset=\"https:\/\/stylewood.kating.eu\/wp-content\/uploads\/2026\/01\/stylewood-kamping-260111-03.jpg 397w, https:\/\/stylewood.kating.eu\/wp-content\/uploads\/2026\/01\/stylewood-kamping-260111-03-199x300.jpg 199w\" sizes=\"(max-width: 397px) 100vw, 397px\" \/><\/a><\/figure>\n\n\n\n<figure class=\"wp-block-image size-full\"><a href=\"https:\/\/stylewood.kating.eu\/wp-content\/uploads\/2026\/01\/stylewood-kamping-260111-02.jpg\" data-rel=\"lightbox-gallery-VDKLVGrB\" data-rl_title=\"\" data-rl_caption=\"\" title=\"\"><img loading=\"lazy\" decoding=\"async\" width=\"397\" height=\"600\" data-id=\"142\" src=\"https:\/\/stylewood.kating.eu\/wp-content\/uploads\/2026\/01\/stylewood-kamping-260111-02.jpg\" alt=\"K\u00e4mping\" class=\"wp-image-142\" srcset=\"https:\/\/stylewood.kating.eu\/wp-content\/uploads\/2026\/01\/stylewood-kamping-260111-02.jpg 397w, https:\/\/stylewood.kating.eu\/wp-content\/uploads\/2026\/01\/stylewood-kamping-260111-02-199x300.jpg 199w\" sizes=\"(max-width: 397px) 100vw, 397px\" \/><\/a><\/figure>\n\n\n\n<figure class=\"wp-block-image size-full\"><a href=\"https:\/\/stylewood.kating.eu\/wp-content\/uploads\/2026\/01\/stylewood-kamping-260111-06.jpg\" data-rel=\"lightbox-gallery-VDKLVGrB\" data-rl_title=\"\" data-rl_caption=\"\" title=\"\"><img loading=\"lazy\" decoding=\"async\" width=\"906\" height=\"600\" data-id=\"138\" src=\"https:\/\/stylewood.kating.eu\/wp-content\/uploads\/2026\/01\/stylewood-kamping-260111-06.jpg\" alt=\"K\u00e4mping\" class=\"wp-image-138\" srcset=\"https:\/\/stylewood.kating.eu\/wp-content\/uploads\/2026\/01\/stylewood-kamping-260111-06.jpg 906w, https:\/\/stylewood.kating.eu\/wp-content\/uploads\/2026\/01\/stylewood-kamping-260111-06-480x318.jpg 480w\" sizes=\"(min-width: 0px) and (max-width: 480px) 480px, (min-width: 481px) 906px, 100vw\" \/><\/a><\/figure>\n<\/figure>\n<\/div>\n\n\n\n<div class=\"wp-block-column is-layout-flow wp-block-column-is-layout-flow\" style=\"flex-basis:33.33%\">\n<h2 class=\"wp-block-heading has-white-color has-pruun-background-color has-text-color has-background has-link-color wp-elements-39c38d645e5b299a092a877f8af86a71\">CABIN &#8220;PESATARU&#8221; 2.4M<\/h2>\n\n\n\n<p><strong>Material:<\/strong> Spruce<br><strong>Length:<\/strong> 2,4m<br><strong>Height from the ground:<\/strong> 2,3m<br><strong>Side wall thickness:<\/strong> 45mm<br><strong>Front and back wall thickness:<\/strong> 28mm<br><strong>Fastening:<\/strong> 2 stainless steel bands<br><strong>Roof:<\/strong> ICOPAL shingles (red or black)<br><strong>Wood treatment:<\/strong> Remmers Lazur<br><strong>Windows:<\/strong> Big opening rear window (arched frame, bronze glass)<br><strong>Door:<\/strong> Arched wooden frame, glass (bronze glass)<br><strong>Sleeping area length:<\/strong> 2m<br><strong>Beds:<\/strong> Sleeping arrangements for two people+ mattresses+cupboards+table.<br><strong>Electricity:<\/strong> 400w radiator, one interior light, two electrical outlets.<\/p>\n\n\n\n<div style=\"height:30px\" aria-hidden=\"true\" class=\"wp-block-spacer\"><\/div>\n\n\n\n<h2 class=\"wp-block-heading has-white-color has-pruun-background-color has-text-color has-background has-link-color wp-elements-7a1a21fe3c2fb566fe5ad7978c451c9d\">CABIN \u2019\u2019MESITARU\u2019\u2019 3,7M<\/h2>\n\n\n\n<p><strong>Material:<\/strong> Spruce<br><strong>Length:<\/strong> 3,7m<br>Internal height: 2,1m<br><strong>Height from the ground:<\/strong> 2,3m<br><strong>Side wall thickness:<\/strong> 45mm<br><strong>Front and back wall thickness:<\/strong> 28mm<br><strong>Fastening:<\/strong> 4 stainless steel bands<br><strong>Roof:<\/strong> ICOPAL shingles (red or black)<br>Wood treatment: Remmers Lazur<br><strong>Windows:<\/strong> Big opening rear window and a small opening front window (arched frame, bronze glass)<br><strong>Door:<\/strong> Arched wooden frame,glass (bronze glass)<br><strong>Sleeping area length:<\/strong> 2m<br><strong>Entryway length:<\/strong> 1m + wall closet with two sliding doors + one bench<br><strong>Beds:<\/strong> Sleeping arrangements either for two or for four people +mattresses + cupboards + table<br><strong>Balcony length:<\/strong> 570mm<br><strong>Electricity:<\/strong> 500w radiator, two interior lights, four electrical outlets.<\/p>\n<\/div>\n<\/div>\n","protected":false},"excerpt":{"rendered":"<p>The new ergonomic solution offers an opportunity to usefully equip the whole interior which gives the cabin a unique look. The arched door and window frames add unique style. We offer 2.4 meter long one room and 3.7 meter long two room cabins with a balcony. CABIN &#8220;PESATARU&#8221; 2.4M Material: SpruceLength: 2,4mHeight from the ground: [&hellip;]<\/p>\n","protected":false},"author":1,"featured_media":0,"parent":282,"menu_order":0,"comment_status":"closed","ping_status":"closed","template":"","meta":{"_et_pb_use_builder":"","_et_pb_old_content":"","_et_gb_content_width":"","footnotes":""},"class_list":["post-268","page","type-page","status-publish","hentry"],"yoast_head":"<!-- This site is optimized with the Yoast SEO plugin v27.3 - https:\/\/yoast.com\/product\/yoast-seo-wordpress\/ -->\n<title>Verandaga k\u00e4mping - Stylewood puidut\u00f6\u00f6d<\/title>\n<meta name=\"description\" content=\"Uus ergonoomilise lahendusega k\u00e4mping pakub v\u00f5imaluse kasulikult sisustada kogu siseruum. K\u00e4mpingus on voodid, panipaigad ja laud.\" \/>\n<meta name=\"robots\" content=\"noindex, follow, max-snippet:-1, max-image-preview:large, max-video-preview:-1\" \/>\n<meta property=\"og:locale\" content=\"en_US\" \/>\n<meta property=\"og:type\" content=\"article\" \/>\n<meta property=\"og:title\" content=\"Verandaga k\u00e4mping - Stylewood puidut\u00f6\u00f6d\" \/>\n<meta property=\"og:description\" content=\"Uus ergonoomilise lahendusega k\u00e4mping pakub v\u00f5imaluse kasulikult sisustada kogu siseruum. K\u00e4mpingus on voodid, panipaigad ja laud.\" \/>\n<meta property=\"og:url\" content=\"https:\/\/stylewood.kating.eu\/en\/products\/barrel-cabins\/\" \/>\n<meta property=\"og:site_name\" content=\"Stylewood puidut\u00f6\u00f6d\" \/>\n<meta property=\"article:modified_time\" content=\"2026-01-15T12:02:05+00:00\" \/>\n<meta property=\"og:image\" content=\"https:\/\/stylewood.kating.eu\/wp-content\/uploads\/2026\/01\/stylewood-kamping-260111-01.jpg\" \/>\n\t<meta property=\"og:image:width\" content=\"906\" \/>\n\t<meta property=\"og:image:height\" content=\"600\" \/>\n\t<meta property=\"og:image:type\" content=\"image\/jpeg\" \/>\n<meta name=\"twitter:card\" content=\"summary_large_image\" \/>\n<meta name=\"twitter:label1\" content=\"Est. reading time\" \/>\n\t<meta name=\"twitter:data1\" content=\"4 minutes\" \/>\n<script type=\"application\/ld+json\" class=\"yoast-schema-graph\">{\"@context\":\"https:\\\/\\\/schema.org\",\"@graph\":[{\"@type\":\"WebPage\",\"@id\":\"https:\\\/\\\/stylewood.kating.eu\\\/en\\\/products\\\/barrel-cabins\\\/\",\"url\":\"https:\\\/\\\/stylewood.kating.eu\\\/en\\\/products\\\/barrel-cabins\\\/\",\"name\":\"Verandaga k\u00e4mping - Stylewood puidut\u00f6\u00f6d\",\"isPartOf\":{\"@id\":\"https:\\\/\\\/stylewood.kating.eu\\\/en\\\/#website\"},\"primaryImageOfPage\":{\"@id\":\"https:\\\/\\\/stylewood.kating.eu\\\/en\\\/products\\\/barrel-cabins\\\/#primaryimage\"},\"image\":{\"@id\":\"https:\\\/\\\/stylewood.kating.eu\\\/en\\\/products\\\/barrel-cabins\\\/#primaryimage\"},\"thumbnailUrl\":\"https:\\\/\\\/stylewood.kating.eu\\\/wp-content\\\/uploads\\\/2026\\\/01\\\/stylewood-kamping-260111-01.jpg\",\"datePublished\":\"2026-01-11T09:18:25+00:00\",\"dateModified\":\"2026-01-15T12:02:05+00:00\",\"description\":\"Uus ergonoomilise lahendusega k\u00e4mping pakub v\u00f5imaluse kasulikult sisustada kogu siseruum. K\u00e4mpingus on voodid, panipaigad ja laud.\",\"breadcrumb\":{\"@id\":\"https:\\\/\\\/stylewood.kating.eu\\\/en\\\/products\\\/barrel-cabins\\\/#breadcrumb\"},\"inLanguage\":\"en-US\",\"potentialAction\":[{\"@type\":\"ReadAction\",\"target\":[\"https:\\\/\\\/stylewood.kating.eu\\\/en\\\/products\\\/barrel-cabins\\\/\"]}]},{\"@type\":\"ImageObject\",\"inLanguage\":\"en-US\",\"@id\":\"https:\\\/\\\/stylewood.kating.eu\\\/en\\\/products\\\/barrel-cabins\\\/#primaryimage\",\"url\":\"https:\\\/\\\/stylewood.kating.eu\\\/wp-content\\\/uploads\\\/2026\\\/01\\\/stylewood-kamping-260111-01.jpg\",\"contentUrl\":\"https:\\\/\\\/stylewood.kating.eu\\\/wp-content\\\/uploads\\\/2026\\\/01\\\/stylewood-kamping-260111-01.jpg\"},{\"@type\":\"BreadcrumbList\",\"@id\":\"https:\\\/\\\/stylewood.kating.eu\\\/en\\\/products\\\/barrel-cabins\\\/#breadcrumb\",\"itemListElement\":[{\"@type\":\"ListItem\",\"position\":1,\"name\":\"Home\",\"item\":\"https:\\\/\\\/stylewood.kating.eu\\\/en\\\/\"},{\"@type\":\"ListItem\",\"position\":2,\"name\":\"Barrel cabins\"}]},{\"@type\":\"WebSite\",\"@id\":\"https:\\\/\\\/stylewood.kating.eu\\\/en\\\/#website\",\"url\":\"https:\\\/\\\/stylewood.kating.eu\\\/en\\\/\",\"name\":\"Stylewood puidut\u00f6\u00f6d\",\"description\":\"\",\"potentialAction\":[{\"@type\":\"SearchAction\",\"target\":{\"@type\":\"EntryPoint\",\"urlTemplate\":\"https:\\\/\\\/stylewood.kating.eu\\\/en\\\/?s={search_term_string}\"},\"query-input\":{\"@type\":\"PropertyValueSpecification\",\"valueRequired\":true,\"valueName\":\"search_term_string\"}}],\"inLanguage\":\"en-US\"}]}<\/script>\n<!-- \/ Yoast SEO plugin. -->","yoast_head_json":{"title":"Verandaga k\u00e4mping - Stylewood puidut\u00f6\u00f6d","description":"Uus ergonoomilise lahendusega k\u00e4mping pakub v\u00f5imaluse kasulikult sisustada kogu siseruum. K\u00e4mpingus on voodid, panipaigad ja laud.","robots":{"index":"noindex","follow":"follow","max-snippet":"max-snippet:-1","max-image-preview":"max-image-preview:large","max-video-preview":"max-video-preview:-1"},"og_locale":"en_US","og_type":"article","og_title":"Verandaga k\u00e4mping - Stylewood puidut\u00f6\u00f6d","og_description":"Uus ergonoomilise lahendusega k\u00e4mping pakub v\u00f5imaluse kasulikult sisustada kogu siseruum. K\u00e4mpingus on voodid, panipaigad ja laud.","og_url":"https:\/\/stylewood.kating.eu\/en\/products\/barrel-cabins\/","og_site_name":"Stylewood puidut\u00f6\u00f6d","article_modified_time":"2026-01-15T12:02:05+00:00","og_image":[{"width":906,"height":600,"url":"https:\/\/stylewood.kating.eu\/wp-content\/uploads\/2026\/01\/stylewood-kamping-260111-01.jpg","type":"image\/jpeg"}],"twitter_card":"summary_large_image","twitter_misc":{"Est. reading time":"4 minutes"},"schema":{"@context":"https:\/\/schema.org","@graph":[{"@type":"WebPage","@id":"https:\/\/stylewood.kating.eu\/en\/products\/barrel-cabins\/","url":"https:\/\/stylewood.kating.eu\/en\/products\/barrel-cabins\/","name":"Verandaga k\u00e4mping - Stylewood puidut\u00f6\u00f6d","isPartOf":{"@id":"https:\/\/stylewood.kating.eu\/en\/#website"},"primaryImageOfPage":{"@id":"https:\/\/stylewood.kating.eu\/en\/products\/barrel-cabins\/#primaryimage"},"image":{"@id":"https:\/\/stylewood.kating.eu\/en\/products\/barrel-cabins\/#primaryimage"},"thumbnailUrl":"https:\/\/stylewood.kating.eu\/wp-content\/uploads\/2026\/01\/stylewood-kamping-260111-01.jpg","datePublished":"2026-01-11T09:18:25+00:00","dateModified":"2026-01-15T12:02:05+00:00","description":"Uus ergonoomilise lahendusega k\u00e4mping pakub v\u00f5imaluse kasulikult sisustada kogu siseruum. K\u00e4mpingus on voodid, panipaigad ja laud.","breadcrumb":{"@id":"https:\/\/stylewood.kating.eu\/en\/products\/barrel-cabins\/#breadcrumb"},"inLanguage":"en-US","potentialAction":[{"@type":"ReadAction","target":["https:\/\/stylewood.kating.eu\/en\/products\/barrel-cabins\/"]}]},{"@type":"ImageObject","inLanguage":"en-US","@id":"https:\/\/stylewood.kating.eu\/en\/products\/barrel-cabins\/#primaryimage","url":"https:\/\/stylewood.kating.eu\/wp-content\/uploads\/2026\/01\/stylewood-kamping-260111-01.jpg","contentUrl":"https:\/\/stylewood.kating.eu\/wp-content\/uploads\/2026\/01\/stylewood-kamping-260111-01.jpg"},{"@type":"BreadcrumbList","@id":"https:\/\/stylewood.kating.eu\/en\/products\/barrel-cabins\/#breadcrumb","itemListElement":[{"@type":"ListItem","position":1,"name":"Home","item":"https:\/\/stylewood.kating.eu\/en\/"},{"@type":"ListItem","position":2,"name":"Barrel cabins"}]},{"@type":"WebSite","@id":"https:\/\/stylewood.kating.eu\/en\/#website","url":"https:\/\/stylewood.kating.eu\/en\/","name":"Stylewood puidut\u00f6\u00f6d","description":"","potentialAction":[{"@type":"SearchAction","target":{"@type":"EntryPoint","urlTemplate":"https:\/\/stylewood.kating.eu\/en\/?s={search_term_string}"},"query-input":{"@type":"PropertyValueSpecification","valueRequired":true,"valueName":"search_term_string"}}],"inLanguage":"en-US"}]}},"_links":{"self":[{"href":"https:\/\/stylewood.kating.eu\/en\/wp-json\/wp\/v2\/pages\/268","targetHints":{"allow":["GET"]}}],"collection":[{"href":"https:\/\/stylewood.kating.eu\/en\/wp-json\/wp\/v2\/pages"}],"about":[{"href":"https:\/\/stylewood.kating.eu\/en\/wp-json\/wp\/v2\/types\/page"}],"author":[{"embeddable":true,"href":"https:\/\/stylewood.kating.eu\/en\/wp-json\/wp\/v2\/users\/1"}],"replies":[{"embeddable":true,"href":"https:\/\/stylewood.kating.eu\/en\/wp-json\/wp\/v2\/comments?post=268"}],"version-history":[{"count":2,"href":"https:\/\/stylewood.kating.eu\/en\/wp-json\/wp\/v2\/pages\/268\/revisions"}],"predecessor-version":[{"id":270,"href":"https:\/\/stylewood.kating.eu\/en\/wp-json\/wp\/v2\/pages\/268\/revisions\/270"}],"up":[{"embeddable":true,"href":"https:\/\/stylewood.kating.eu\/en\/wp-json\/wp\/v2\/pages\/282"}],"wp:attachment":[{"href":"https:\/\/stylewood.kating.eu\/en\/wp-json\/wp\/v2\/media?parent=268"}],"curies":[{"name":"wp","href":"https:\/\/api.w.org\/{rel}","templated":true}]}}